{"id":641,"date":"2025-04-12T18:01:26","date_gmt":"2025-04-12T21:01:26","guid":{"rendered":"https:\/\/aleartedeco.com.br\/?post_type=product&#038;p=641"},"modified":"2025-04-18T11:47:46","modified_gmt":"2025-04-18T14:47:46","slug":"top-simetria","status":"publish","type":"product","link":"https:\/\/aleartedeco.com.br\/?product=top-simetria","title":{"rendered":"Top Simetria"},"content":{"rendered":"<p>Top Simetria: a beleza da simetria em um design impactante. O preto e o rosa mesclado se unem em um jogo de contrastes neste top frente \u00fanica com um formato geom\u00e9trico original. Uma pe\u00e7a que expressa personalidade e estilo atrav\u00e9s de um design ousado e contempor\u00e2neo.<\/p>\n<p>&nbsp;<\/p>\n<p>Nossas linhas s\u00e3o selecionadas de forma atenciosa para garantir a qualidade, conforto e o toque do artesanal que atravessa o tempo.<\/p>\n<p><strong>Caso queira alterar a cor da sua pe\u00e7a, entre em contato conosco pelo WhatsApp para consultar as cores dispon\u00edveis antes de fazer o seu pedido \ud83d\ude42<\/strong><\/p>\n<p>Se voc\u00ea tiver alguma d\u00favida durante o processo de compra, n\u00e3o hesite em entrar em contato conosco pelo WhatsApp (64 999270986), pelo Instagram (<a href=\"https:\/\/www.instagram.com\/ale.artedeco\/\">@ale.artedeco<\/a>) ou por email (<a href=\"mailto:alessandra.artedeco@gmail.com\">alessandra.artedeco@gmail.com<\/a>). Assim, te ajudamos a escolher a pe\u00e7a ideal para o seu momento!<\/p>\n<p>A pe\u00e7a dispon\u00edvel a pronta entrega veste tamanho M.<\/p>\n","protected":false},"excerpt":{"rendered":"<p>Top Simetria: a beleza da simetria em um design impactante. O preto e o rosa mesclado se unem em um jogo de contrastes neste top frente \u00fanica com um formato [&hellip;]<\/p>\n","protected":false},"featured_media":642,"comment_status":"open","ping_status":"closed","template":"","meta":[],"product_brand":[],"product_cat":[20],"product_tag":[],"class_list":{"0":"post-641","1":"product","2":"type-product","3":"status-publish","4":"has-post-thumbnail","6":"product_cat-top","8":"first","9":"instock","10":"shipping-taxable","11":"purchasable","12":"product-type-simple"},"_links":{"self":[{"href":"https:\/\/aleartedeco.com.br\/index.php?rest_route=\/wp\/v2\/product\/641","targetHints":{"allow":["GET"]}}],"collection":[{"href":"https:\/\/aleartedeco.com.br\/index.php?rest_route=\/wp\/v2\/product"}],"about":[{"href":"https:\/\/aleartedeco.com.br\/index.php?rest_route=\/wp\/v2\/types\/product"}],"replies":[{"embeddable":true,"href":"https:\/\/aleartedeco.com.br\/index.php?rest_route=%2Fwp%2Fv2%2Fcomments&post=641"}],"wp:featuredmedia":[{"embeddable":true,"href":"https:\/\/aleartedeco.com.br\/index.php?rest_route=\/wp\/v2\/media\/642"}],"wp:attachment":[{"href":"https:\/\/aleartedeco.com.br\/index.php?rest_route=%2Fwp%2Fv2%2Fmedia&parent=641"}],"wp:term":[{"taxonomy":"product_brand","embeddable":true,"href":"https:\/\/aleartedeco.com.br\/index.php?rest_route=%2Fwp%2Fv2%2Fproduct_brand&post=641"},{"taxonomy":"product_cat","embeddable":true,"href":"https:\/\/aleartedeco.com.br\/index.php?rest_route=%2Fwp%2Fv2%2Fproduct_cat&post=641"},{"taxonomy":"product_tag","embeddable":true,"href":"https:\/\/aleartedeco.com.br\/index.php?rest_route=%2Fwp%2Fv2%2Fproduct_tag&post=641"}],"curies":[{"name":"wp","href":"https:\/\/api.w.org\/{rel}","templated":true}]}}