{"id":630,"date":"2025-04-12T12:07:50","date_gmt":"2025-04-12T15:07:50","guid":{"rendered":"https:\/\/aleartedeco.com.br\/?post_type=product&#038;p=630"},"modified":"2026-03-24T22:21:18","modified_gmt":"2026-03-25T01:21:18","slug":"conjunto-serena","status":"publish","type":"product","link":"https:\/\/aleartedeco.com.br\/?product=conjunto-serena","title":{"rendered":"Conjunto Serena"},"content":{"rendered":"<p><strong>Descri\u00e7\u00e3o<\/strong><\/p>\n<p>Conjunto composto por blusa de manga curta e saia longa com el\u00e1stico e regulagem na cintura. n\u00e3o tem forro.<\/p>\n<p>&nbsp;<\/p>\n<p><strong>Composi\u00e7\u00e3o<\/strong><\/p>\n<p>Produzido artesanalmente com linha 50% algod\u00e3o e 50% acr\u00edlico<\/p>\n<p>&nbsp;<\/p>\n<p><strong>Pronta entrega\u00a0<\/strong><\/p>\n<p>Veste tamanho M<\/p>\n<p>&nbsp;<\/p>\n<p><strong>Observa\u00e7\u00e3o<\/strong><\/p>\n<p>Caso queira encomendar o conjunto com uma cor diferente ou sob medida, entre em contato conosco pelo WhatsApp antes de fazer o seu pedido \ud83d\ude42<\/p>\n<p>&nbsp;<\/p>\n","protected":false},"excerpt":{"rendered":"<p>Descri\u00e7\u00e3o Conjunto composto por blusa de manga curta e saia longa com el\u00e1stico e regulagem na cintura. n\u00e3o tem forro. &nbsp; Composi\u00e7\u00e3o Produzido artesanalmente com linha 50% algod\u00e3o e 50% [&hellip;]<\/p>\n","protected":false},"featured_media":631,"comment_status":"open","ping_status":"closed","template":"","meta":[],"product_brand":[],"product_cat":[16,17,21],"product_tag":[],"class_list":{"0":"post-630","1":"product","2":"type-product","3":"status-publish","4":"has-post-thumbnail","6":"product_cat-blusa","7":"product_cat-conjunto","8":"product_cat-saia","9":"product_shipping_class-pecas-pesadas","11":"first","12":"instock","13":"shipping-taxable","14":"purchasable","15":"product-type-simple"},"_links":{"self":[{"href":"https:\/\/aleartedeco.com.br\/index.php?rest_route=\/wp\/v2\/product\/630","targetHints":{"allow":["GET"]}}],"collection":[{"href":"https:\/\/aleartedeco.com.br\/index.php?rest_route=\/wp\/v2\/product"}],"about":[{"href":"https:\/\/aleartedeco.com.br\/index.php?rest_route=\/wp\/v2\/types\/product"}],"replies":[{"embeddable":true,"href":"https:\/\/aleartedeco.com.br\/index.php?rest_route=%2Fwp%2Fv2%2Fcomments&post=630"}],"wp:featuredmedia":[{"embeddable":true,"href":"https:\/\/aleartedeco.com.br\/index.php?rest_route=\/wp\/v2\/media\/631"}],"wp:attachment":[{"href":"https:\/\/aleartedeco.com.br\/index.php?rest_route=%2Fwp%2Fv2%2Fmedia&parent=630"}],"wp:term":[{"taxonomy":"product_brand","embeddable":true,"href":"https:\/\/aleartedeco.com.br\/index.php?rest_route=%2Fwp%2Fv2%2Fproduct_brand&post=630"},{"taxonomy":"product_cat","embeddable":true,"href":"https:\/\/aleartedeco.com.br\/index.php?rest_route=%2Fwp%2Fv2%2Fproduct_cat&post=630"},{"taxonomy":"product_tag","embeddable":true,"href":"https:\/\/aleartedeco.com.br\/index.php?rest_route=%2Fwp%2Fv2%2Fproduct_tag&post=630"}],"curies":[{"name":"wp","href":"https:\/\/api.w.org\/{rel}","templated":true}]}}