{"id":62,"date":"2025-01-31T21:00:01","date_gmt":"2025-02-01T00:00:01","guid":{"rendered":"https:\/\/aleartedeco.com.br\/?post_type=product&#038;p=62"},"modified":"2025-04-18T12:18:32","modified_gmt":"2025-04-18T15:18:32","slug":"vestido-ondas","status":"publish","type":"product","link":"https:\/\/aleartedeco.com.br\/?product=vestido-ondas","title":{"rendered":"Vestido Ondas"},"content":{"rendered":"<p>Vestido Ondas: um mergulho na eleg\u00e2ncia azul. O padr\u00e3o de cores em tons de azul evoca a fluidez e a beleza das ondas, enquanto o modelo valoriza o colo com um toque de sofistica\u00e7\u00e3o. Este vestido \u00e9 a personifica\u00e7\u00e3o da leveza e do estilo.<\/p>\n<p>&nbsp;<\/p>\n<p>Cada linha \u00e9 selecionada de forma cuidadosa para garantir a qualidade, conforto e um toque artesanal que atravessa o tempo. Esse modelo \u00e9 produzido com linha 100% polipropileno.<\/p>\n<p><strong>Caso queira alterar a cor da sua pe\u00e7a, entre em contato conosco pelo WhatsApp para consultar as cores dispon\u00edveis antes de fazer o seu pedido \ud83d\ude42<\/strong><\/p>\n<p>Se voc\u00ea tiver alguma d\u00favida durante o processo de compra, n\u00e3o hesite em entrar em contato conosco pelo WhatsApp (64 999270986), pelo Instagram (<a href=\"https:\/\/www.instagram.com\/ale.artedeco\/\">@ale.artedeco<\/a>) ou por email (<a href=\"mailto:alessandra.artedeco@gmail.com\">alessandra.artedeco@gmail.com<\/a>). Assim, te ajudamos a escolher a pe\u00e7a ideal para voc\u00ea!<\/p>\n<p>A pe\u00e7a dispon\u00edvel a pronta entrega veste tamanho M.<\/p>\n","protected":false},"excerpt":{"rendered":"<p>Vestido Ondas: um mergulho na eleg\u00e2ncia azul. O padr\u00e3o de cores em tons de azul evoca a fluidez e a beleza das ondas, enquanto o modelo valoriza o colo com [&hellip;]<\/p>\n","protected":false},"featured_media":499,"comment_status":"open","ping_status":"closed","template":"","meta":[],"product_brand":[],"product_cat":[25],"product_tag":[],"class_list":{"0":"post-62","1":"product","2":"type-product","3":"status-publish","4":"has-post-thumbnail","6":"product_cat-vestido","7":"product_shipping_class-pecas-pesadas","9":"first","10":"instock","11":"shipping-taxable","12":"purchasable","13":"product-type-simple"},"_links":{"self":[{"href":"https:\/\/aleartedeco.com.br\/index.php?rest_route=\/wp\/v2\/product\/62","targetHints":{"allow":["GET"]}}],"collection":[{"href":"https:\/\/aleartedeco.com.br\/index.php?rest_route=\/wp\/v2\/product"}],"about":[{"href":"https:\/\/aleartedeco.com.br\/index.php?rest_route=\/wp\/v2\/types\/product"}],"replies":[{"embeddable":true,"href":"https:\/\/aleartedeco.com.br\/index.php?rest_route=%2Fwp%2Fv2%2Fcomments&post=62"}],"wp:featuredmedia":[{"embeddable":true,"href":"https:\/\/aleartedeco.com.br\/index.php?rest_route=\/wp\/v2\/media\/499"}],"wp:attachment":[{"href":"https:\/\/aleartedeco.com.br\/index.php?rest_route=%2Fwp%2Fv2%2Fmedia&parent=62"}],"wp:term":[{"taxonomy":"product_brand","embeddable":true,"href":"https:\/\/aleartedeco.com.br\/index.php?rest_route=%2Fwp%2Fv2%2Fproduct_brand&post=62"},{"taxonomy":"product_cat","embeddable":true,"href":"https:\/\/aleartedeco.com.br\/index.php?rest_route=%2Fwp%2Fv2%2Fproduct_cat&post=62"},{"taxonomy":"product_tag","embeddable":true,"href":"https:\/\/aleartedeco.com.br\/index.php?rest_route=%2Fwp%2Fv2%2Fproduct_tag&post=62"}],"curies":[{"name":"wp","href":"https:\/\/api.w.org\/{rel}","templated":true}]}}