{"id":61,"date":"2025-01-31T20:55:55","date_gmt":"2025-01-31T23:55:55","guid":{"rendered":"https:\/\/aleartedeco.com.br\/?post_type=product&#038;p=61"},"modified":"2025-04-10T19:16:48","modified_gmt":"2025-04-10T22:16:48","slug":"bolero-colorido","status":"publish","type":"product","link":"https:\/\/aleartedeco.com.br\/?product=bolero-colorido","title":{"rendered":"Bolero Afeto"},"content":{"rendered":"<p>Bolero Afeto: a delicadeza em cada ponto e a feminilidade em cada fio. As mangas curtas e o babado na parte superior adicionam um toque de romantismo a este bolero \u00fanico. O fechamento com um \u00fanico bot\u00e3o permite que a pe\u00e7a se abra com leveza, revelando a delicadeza do design. Feito com uma linha especial, que n\u00e3o trabalhamos mais, este bolero \u00e9 uma pe\u00e7a de colecionador, criada para quem aprecia a exclusividade e o afeto do artesanal.<\/p>\n<p>&nbsp;<\/p>\n<p>Nossas linhas s\u00e3o selecionadas de forma atenciosa para garantir a qualidade, conforto e o toque do artesanal que atravessa o tempo. Esse modelo \u00e9 produzido artesanalmente com linha 100% algod\u00e3o que n\u00e3o trabalhamos mais na loja, portanto essa \u00e9 uma pe\u00e7a \u00fanica!<\/p>\n<p><strong>Caso queira alterar a cor da sua pe\u00e7a, entre em contato conosco pelo WhatsApp para consultar as cores dispon\u00edveis antes de fazer o seu pedido \ud83d\ude42<\/strong><\/p>\n<p>Se voc\u00ea tiver alguma d\u00favida durante o processo de compra, n\u00e3o hesite em entrar em contato conosco pelo WhatsApp (64 999270986), pelo Instagram (<a href=\"https:\/\/www.instagram.com\/ale.artedeco\/\">@ale.artedeco<\/a>) ou por email (<a href=\"mailto:alessandra.artedeco@gmail.com\">alessandra.artedeco@gmail.com<\/a>). Assim, te ajudamos a escolher a pe\u00e7a ideal para voc\u00ea!<\/p>\n<p>A pe\u00e7a dispon\u00edvel a pronta entrega veste tamanho M.<\/p>\n","protected":false},"excerpt":{"rendered":"<p>Bolero Afeto: a delicadeza em cada ponto e a feminilidade em cada fio. As mangas curtas e o babado na parte superior adicionam um toque de romantismo a este bolero [&hellip;]<\/p>\n","protected":false},"featured_media":501,"comment_status":"open","ping_status":"closed","template":"","meta":[],"product_brand":[],"product_cat":[24],"product_tag":[],"class_list":{"0":"post-61","1":"product","2":"type-product","3":"status-publish","4":"has-post-thumbnail","6":"product_cat-bolero","8":"first","9":"instock","10":"shipping-taxable","11":"purchasable","12":"product-type-simple"},"_links":{"self":[{"href":"https:\/\/aleartedeco.com.br\/index.php?rest_route=\/wp\/v2\/product\/61","targetHints":{"allow":["GET"]}}],"collection":[{"href":"https:\/\/aleartedeco.com.br\/index.php?rest_route=\/wp\/v2\/product"}],"about":[{"href":"https:\/\/aleartedeco.com.br\/index.php?rest_route=\/wp\/v2\/types\/product"}],"replies":[{"embeddable":true,"href":"https:\/\/aleartedeco.com.br\/index.php?rest_route=%2Fwp%2Fv2%2Fcomments&post=61"}],"wp:featuredmedia":[{"embeddable":true,"href":"https:\/\/aleartedeco.com.br\/index.php?rest_route=\/wp\/v2\/media\/501"}],"wp:attachment":[{"href":"https:\/\/aleartedeco.com.br\/index.php?rest_route=%2Fwp%2Fv2%2Fmedia&parent=61"}],"wp:term":[{"taxonomy":"product_brand","embeddable":true,"href":"https:\/\/aleartedeco.com.br\/index.php?rest_route=%2Fwp%2Fv2%2Fproduct_brand&post=61"},{"taxonomy":"product_cat","embeddable":true,"href":"https:\/\/aleartedeco.com.br\/index.php?rest_route=%2Fwp%2Fv2%2Fproduct_cat&post=61"},{"taxonomy":"product_tag","embeddable":true,"href":"https:\/\/aleartedeco.com.br\/index.php?rest_route=%2Fwp%2Fv2%2Fproduct_tag&post=61"}],"curies":[{"name":"wp","href":"https:\/\/api.w.org\/{rel}","templated":true}]}}