{"id":582,"date":"2025-03-30T18:40:02","date_gmt":"2025-03-30T21:40:02","guid":{"rendered":"https:\/\/aleartedeco.com.br\/?post_type=product&#038;p=582"},"modified":"2025-04-05T17:16:03","modified_gmt":"2025-04-05T20:16:03","slug":"croppedd-brisa","status":"publish","type":"product","link":"https:\/\/aleartedeco.com.br\/?product=croppedd-brisa","title":{"rendered":"Cropped Brisa"},"content":{"rendered":"<p>Brisa: um cropped que transcende o tempo. A delicadeza dos pontos abertos, a suavidade dos fios e a eleg\u00e2ncia da cor marrom se unem em uma pe\u00e7a que exala sofistica\u00e7\u00e3o e leveza. Um tributo ao feito \u00e0 m\u00e3o, um convite para sentir a brisa da beleza em sua pele.<\/p>\n<p>&nbsp;<\/p>\n<p>Nossas linhas s\u00e3o selecionadas de forma atenciosa para garantir a qualidade, conforto e o toque do artesanal que atravessa o tempo. Esse modelo \u00e9 produzido artesanalmente com linha 50% algod\u00e3o e 50% acr\u00edlico..<\/p>\n<p><strong>Caso queira alterar a cor da sua pe\u00e7a, entre em contato conosco pelo WhatsApp para consultar as cores dispon\u00edveis antes de fazer o seu pedido \ud83d\ude42<\/strong><\/p>\n<p>Se voc\u00ea tiver alguma d\u00favida durante o processo de compra, n\u00e3o hesite em entrar em contato conosco pelo WhatsApp (64 999270986), pelo Instagram (<a href=\"https:\/\/www.instagram.com\/ale.artedeco\/\">@ale.artedeco<\/a>) ou por email (<a href=\"mailto:alessandra.artedeco@gmail.com\">alessandra.artedeco@gmail.com<\/a>). Assim, te ajudamos a escolher a pe\u00e7a ideal para o seu momento!<\/p>\n<p>A pe\u00e7a dispon\u00edvel a pronta entrega veste tamanho M.<\/p>\n","protected":false},"excerpt":{"rendered":"<p>Brisa: um cropped que transcende o tempo. A delicadeza dos pontos abertos, a suavidade dos fios e a eleg\u00e2ncia da cor marrom se unem em uma pe\u00e7a que exala sofistica\u00e7\u00e3o [&hellip;]<\/p>\n","protected":false},"featured_media":583,"comment_status":"open","ping_status":"closed","template":"","meta":[],"product_brand":[],"product_cat":[19],"product_tag":[],"class_list":{"0":"post-582","1":"product","2":"type-product","3":"status-publish","4":"has-post-thumbnail","6":"product_cat-cropped","8":"first","9":"instock","10":"shipping-taxable","11":"purchasable","12":"product-type-simple"},"_links":{"self":[{"href":"https:\/\/aleartedeco.com.br\/index.php?rest_route=\/wp\/v2\/product\/582","targetHints":{"allow":["GET"]}}],"collection":[{"href":"https:\/\/aleartedeco.com.br\/index.php?rest_route=\/wp\/v2\/product"}],"about":[{"href":"https:\/\/aleartedeco.com.br\/index.php?rest_route=\/wp\/v2\/types\/product"}],"replies":[{"embeddable":true,"href":"https:\/\/aleartedeco.com.br\/index.php?rest_route=%2Fwp%2Fv2%2Fcomments&post=582"}],"wp:featuredmedia":[{"embeddable":true,"href":"https:\/\/aleartedeco.com.br\/index.php?rest_route=\/wp\/v2\/media\/583"}],"wp:attachment":[{"href":"https:\/\/aleartedeco.com.br\/index.php?rest_route=%2Fwp%2Fv2%2Fmedia&parent=582"}],"wp:term":[{"taxonomy":"product_brand","embeddable":true,"href":"https:\/\/aleartedeco.com.br\/index.php?rest_route=%2Fwp%2Fv2%2Fproduct_brand&post=582"},{"taxonomy":"product_cat","embeddable":true,"href":"https:\/\/aleartedeco.com.br\/index.php?rest_route=%2Fwp%2Fv2%2Fproduct_cat&post=582"},{"taxonomy":"product_tag","embeddable":true,"href":"https:\/\/aleartedeco.com.br\/index.php?rest_route=%2Fwp%2Fv2%2Fproduct_tag&post=582"}],"curies":[{"name":"wp","href":"https:\/\/api.w.org\/{rel}","templated":true}]}}