{"id":53,"date":"2025-01-31T20:46:50","date_gmt":"2025-01-31T23:46:50","guid":{"rendered":"https:\/\/aleartedeco.com.br\/?post_type=product&#038;p=53"},"modified":"2025-04-18T12:19:28","modified_gmt":"2025-04-18T15:19:28","slug":"colete-felpudo","status":"publish","type":"product","link":"https:\/\/aleartedeco.com.br\/?product=colete-felpudo","title":{"rendered":"Colete Nuvem Rosa"},"content":{"rendered":"<p>Colete Nuvem Rosa: um abra\u00e7o de maciez em tom pink vibrante. Com uma textura felpuda que remete \u00e0 suavidade das nuvens, este colete aberto e sem mangas \u00e9 a pe\u00e7a perfeita para adicionar um toque de cor e conforto aos seus looks. Ideal para sobreposi\u00e7\u00f5es estilosas e aconchegantes.<\/p>\n<p>&nbsp;<\/p>\n<p>Nossas linhas s\u00e3o selecionadas de forma atenciosa para garantir a qualidade, conforto e o toque do artesanal que atravessa o tempo. Esse modelo \u00e9 produzido artesanalmente com linha 51% algod\u00e3o e 49% poli\u00e9ster.<\/p>\n<p><strong>Caso queira alterar a cor da sua pe\u00e7a, entre em contato conosco pelo WhatsApp para consultar as cores dispon\u00edveis antes de fazer o seu pedido \ud83d\ude42<\/strong><\/p>\n<p>Se voc\u00ea tiver alguma d\u00favida durante o processo de compra, n\u00e3o hesite em entrar em contato conosco pelo WhatsApp (64 999270986), pelo Instagram (<a href=\"https:\/\/www.instagram.com\/ale.artedeco\/\">@ale.artedeco<\/a>) ou por email (<a href=\"mailto:alessandra.artedeco@gmail.com\">alessandra.artedeco@gmail.com<\/a>). Assim, te ajudamos a escolher a pe\u00e7a ideal para voc\u00ea!<\/p>\n<p>A pe\u00e7a dispon\u00edvel a pronta entrega veste tamanho M.<\/p>\n","protected":false},"excerpt":{"rendered":"<p>Colete Nuvem Rosa: um abra\u00e7o de maciez em tom pink vibrante. Com uma textura felpuda que remete \u00e0 suavidade das nuvens, este colete aberto e sem mangas \u00e9 a pe\u00e7a [&hellip;]<\/p>\n","protected":false},"featured_media":505,"comment_status":"open","ping_status":"closed","template":"","meta":[],"product_brand":[],"product_cat":[22],"product_tag":[],"class_list":{"0":"post-53","1":"product","2":"type-product","3":"status-publish","4":"has-post-thumbnail","6":"product_cat-colete","7":"product_shipping_class-pecas-pesadas","9":"first","10":"instock","11":"shipping-taxable","12":"purchasable","13":"product-type-simple"},"_links":{"self":[{"href":"https:\/\/aleartedeco.com.br\/index.php?rest_route=\/wp\/v2\/product\/53","targetHints":{"allow":["GET"]}}],"collection":[{"href":"https:\/\/aleartedeco.com.br\/index.php?rest_route=\/wp\/v2\/product"}],"about":[{"href":"https:\/\/aleartedeco.com.br\/index.php?rest_route=\/wp\/v2\/types\/product"}],"replies":[{"embeddable":true,"href":"https:\/\/aleartedeco.com.br\/index.php?rest_route=%2Fwp%2Fv2%2Fcomments&post=53"}],"wp:featuredmedia":[{"embeddable":true,"href":"https:\/\/aleartedeco.com.br\/index.php?rest_route=\/wp\/v2\/media\/505"}],"wp:attachment":[{"href":"https:\/\/aleartedeco.com.br\/index.php?rest_route=%2Fwp%2Fv2%2Fmedia&parent=53"}],"wp:term":[{"taxonomy":"product_brand","embeddable":true,"href":"https:\/\/aleartedeco.com.br\/index.php?rest_route=%2Fwp%2Fv2%2Fproduct_brand&post=53"},{"taxonomy":"product_cat","embeddable":true,"href":"https:\/\/aleartedeco.com.br\/index.php?rest_route=%2Fwp%2Fv2%2Fproduct_cat&post=53"},{"taxonomy":"product_tag","embeddable":true,"href":"https:\/\/aleartedeco.com.br\/index.php?rest_route=%2Fwp%2Fv2%2Fproduct_tag&post=53"}],"curies":[{"name":"wp","href":"https:\/\/api.w.org\/{rel}","templated":true}]}}