{"id":51,"date":"2025-01-31T20:45:44","date_gmt":"2025-01-31T23:45:44","guid":{"rendered":"https:\/\/aleartedeco.com.br\/?post_type=product&#038;p=51"},"modified":"2025-05-18T17:03:49","modified_gmt":"2025-05-18T20:03:49","slug":"blusa-transpassara","status":"publish","type":"product","link":"https:\/\/aleartedeco.com.br\/?product=blusa-transpassara","title":{"rendered":"Blusa Abertura"},"content":{"rendered":"<p>Blusa Abertura: uma combina\u00e7\u00e3o de estilos em uma \u00fanica pe\u00e7a. Esse modelo \u00e9 vers\u00e1til porque pode ser usado como pe\u00e7a \u00fanica ou como terceira pe\u00e7a. Produzido com faixas, ele valoriza as curvas naturais do corpo deixando o look mais envolvente. Ele foi pensado para voc\u00ea ousar e criar a sua pr\u00f3pria forma de se vestir.<\/p>\n<p>&nbsp;<\/p>\n<p><strong>Sugest\u00f5es: <\/strong>esta pe\u00e7a harmoniza com colares com pingentes na altura do decote ou com camisas de cores claras para um look mais despretensioso.<\/p>\n<p>&nbsp;<\/p>\n<p>Nossas linhas s\u00e3o selecionadas de forma atenciosa para garantir a qualidade, conforto e o toque do artesanal que atravessa o tempo. Esse modelo \u00e9 produzido artesanalmente com linha 100% algod\u00e3o.<\/p>\n<p><strong>Caso queira alterar a cor da sua pe\u00e7a, entre em contato conosco pelo WhatsApp para consultar as cores dispon\u00edveis antes de fazer o seu pedido \ud83d\ude42<\/strong><\/p>\n<p>Se voc\u00ea tiver alguma d\u00favida durante o processo de compra, n\u00e3o hesite em entrar em contato conosco pelo WhatsApp (64 999270986), pelo Instagram (<a href=\"https:\/\/www.instagram.com\/ale.artedeco\/\">@ale.artedeco<\/a>) ou por email (<a href=\"mailto:alessandra.artedeco@gmail.com\">alessandra.artedeco@gmail.com<\/a>). Assim, te ajudamos a escolher a pe\u00e7a ideal para voc\u00ea!<\/p>\n<p>A pe\u00e7a dispon\u00edvel a pronta entrega veste tamanho P.<\/p>\n","protected":false},"excerpt":{"rendered":"<p>Blusa Abertura: uma combina\u00e7\u00e3o de estilos em uma \u00fanica pe\u00e7a. Esse modelo \u00e9 vers\u00e1til porque pode ser usado como pe\u00e7a \u00fanica ou como terceira pe\u00e7a. Produzido com faixas, ele valoriza [&hellip;]<\/p>\n","protected":false},"featured_media":588,"comment_status":"open","ping_status":"closed","template":"","meta":[],"product_brand":[],"product_cat":[16],"product_tag":[],"class_list":{"0":"post-51","1":"product","2":"type-product","3":"status-publish","4":"has-post-thumbnail","6":"product_cat-blusa","8":"first","9":"instock","10":"shipping-taxable","11":"purchasable","12":"product-type-simple"},"_links":{"self":[{"href":"https:\/\/aleartedeco.com.br\/index.php?rest_route=\/wp\/v2\/product\/51","targetHints":{"allow":["GET"]}}],"collection":[{"href":"https:\/\/aleartedeco.com.br\/index.php?rest_route=\/wp\/v2\/product"}],"about":[{"href":"https:\/\/aleartedeco.com.br\/index.php?rest_route=\/wp\/v2\/types\/product"}],"replies":[{"embeddable":true,"href":"https:\/\/aleartedeco.com.br\/index.php?rest_route=%2Fwp%2Fv2%2Fcomments&post=51"}],"wp:featuredmedia":[{"embeddable":true,"href":"https:\/\/aleartedeco.com.br\/index.php?rest_route=\/wp\/v2\/media\/588"}],"wp:attachment":[{"href":"https:\/\/aleartedeco.com.br\/index.php?rest_route=%2Fwp%2Fv2%2Fmedia&parent=51"}],"wp:term":[{"taxonomy":"product_brand","embeddable":true,"href":"https:\/\/aleartedeco.com.br\/index.php?rest_route=%2Fwp%2Fv2%2Fproduct_brand&post=51"},{"taxonomy":"product_cat","embeddable":true,"href":"https:\/\/aleartedeco.com.br\/index.php?rest_route=%2Fwp%2Fv2%2Fproduct_cat&post=51"},{"taxonomy":"product_tag","embeddable":true,"href":"https:\/\/aleartedeco.com.br\/index.php?rest_route=%2Fwp%2Fv2%2Fproduct_tag&post=51"}],"curies":[{"name":"wp","href":"https:\/\/api.w.org\/{rel}","templated":true}]}}