{"id":467,"date":"2025-03-22T15:35:16","date_gmt":"2025-03-22T18:35:16","guid":{"rendered":"https:\/\/aleartedeco.com.br\/?post_type=product&#038;p=467"},"modified":"2026-03-24T22:22:50","modified_gmt":"2026-03-25T01:22:50","slug":"vestido-com-fio-de-sao-francisco","status":"publish","type":"product","link":"https:\/\/aleartedeco.com.br\/?product=vestido-com-fio-de-sao-francisco","title":{"rendered":"Vestido Cord\u00f5es da Terra"},"content":{"rendered":"<p><strong>Descri\u00e7\u00e3o<\/strong><\/p>\n<p>Vestido de marga curta e saia midi com regulagem na cintura. n\u00e3o tem forro.<\/p>\n<p>&nbsp;<\/p>\n<p><strong>Composi\u00e7\u00e3o<\/strong><\/p>\n<p>Produzido artesanalmente com linha 100% algod\u00e3o<\/p>\n<p>&nbsp;<\/p>\n<p><strong>Pronta entrega\u00a0<\/strong><\/p>\n<p>veste tamanho G<\/p>\n<p>&nbsp;<\/p>\n<p><strong>Observa\u00e7\u00e3o<\/strong><\/p>\n<p>Caso queira encomendar o conjunto com uma cor diferente ou sob medida, entre em contato conosco pelo WhatsApp antes de fazer o seu pedido \ud83d\ude42<\/p>\n","protected":false},"excerpt":{"rendered":"<p>Descri\u00e7\u00e3o Vestido de marga curta e saia midi com regulagem na cintura. n\u00e3o tem forro. &nbsp; Composi\u00e7\u00e3o Produzido artesanalmente com linha 100% algod\u00e3o &nbsp; Pronta entrega\u00a0 veste tamanho G &nbsp; [&hellip;]<\/p>\n","protected":false},"featured_media":468,"comment_status":"open","ping_status":"closed","template":"","meta":[],"product_brand":[],"product_cat":[25],"product_tag":[41],"class_list":{"0":"post-467","1":"product","2":"type-product","3":"status-publish","4":"has-post-thumbnail","6":"product_cat-vestido","7":"product_tag-essencial","8":"product_shipping_class-pecas-pesadas","10":"first","11":"instock","12":"shipping-taxable","13":"purchasable","14":"product-type-simple"},"_links":{"self":[{"href":"https:\/\/aleartedeco.com.br\/index.php?rest_route=\/wp\/v2\/product\/467","targetHints":{"allow":["GET"]}}],"collection":[{"href":"https:\/\/aleartedeco.com.br\/index.php?rest_route=\/wp\/v2\/product"}],"about":[{"href":"https:\/\/aleartedeco.com.br\/index.php?rest_route=\/wp\/v2\/types\/product"}],"replies":[{"embeddable":true,"href":"https:\/\/aleartedeco.com.br\/index.php?rest_route=%2Fwp%2Fv2%2Fcomments&post=467"}],"wp:featuredmedia":[{"embeddable":true,"href":"https:\/\/aleartedeco.com.br\/index.php?rest_route=\/wp\/v2\/media\/468"}],"wp:attachment":[{"href":"https:\/\/aleartedeco.com.br\/index.php?rest_route=%2Fwp%2Fv2%2Fmedia&parent=467"}],"wp:term":[{"taxonomy":"product_brand","embeddable":true,"href":"https:\/\/aleartedeco.com.br\/index.php?rest_route=%2Fwp%2Fv2%2Fproduct_brand&post=467"},{"taxonomy":"product_cat","embeddable":true,"href":"https:\/\/aleartedeco.com.br\/index.php?rest_route=%2Fwp%2Fv2%2Fproduct_cat&post=467"},{"taxonomy":"product_tag","embeddable":true,"href":"https:\/\/aleartedeco.com.br\/index.php?rest_route=%2Fwp%2Fv2%2Fproduct_tag&post=467"}],"curies":[{"name":"wp","href":"https:\/\/api.w.org\/{rel}","templated":true}]}}