{"id":463,"date":"2025-03-22T15:33:06","date_gmt":"2025-03-22T18:33:06","guid":{"rendered":"https:\/\/aleartedeco.com.br\/?post_type=product&#038;p=463"},"modified":"2025-07-30T10:15:36","modified_gmt":"2025-07-30T13:15:36","slug":"casaco-de-manga-longa-colorido","status":"publish","type":"product","link":"https:\/\/aleartedeco.com.br\/?product=casaco-de-manga-longa-colorido","title":{"rendered":"Casaco Cores"},"content":{"rendered":"<p>Casaco Cores: a dualidade da delicadeza e da ousadia. Os quadrados de flores, como um mosaico de cores, adornam o corpo, enquanto as mangas, com suas carreiras coloridas, celebram a individualidade. Uma pe\u00e7a que te convida a expressar a sua personalidade com estilo e autenticidade.<\/p>\n<p>&nbsp;<\/p>\n<p>Cada linha \u00e9 selecionada de forma cuidadosa para garantir a qualidade, conforto e um toque artesanal que atravessa o tempo. \u00e9 produzido artesanalmente com linha 100% algod\u00e3o.<\/p>\n<p><strong>Caso queira alterar a cor da sua pe\u00e7a, entre em contato conosco pelo WhatsApp para consultar as cores dispon\u00edveis antes de fazer o seu pedido \ud83d\ude42<\/strong><\/p>\n<p>Se voc\u00ea tiver alguma d\u00favida durante o processo de compra, n\u00e3o hesite em entrar em contato conosco pelo WhatsApp (64 999270986), pelo Instagram (<a href=\"https:\/\/www.instagram.com\/ale.artedeco\/\">@ale.artedeco<\/a>) ou por email (<a href=\"mailto:alessandra.artedeco@gmail.com\">alessandra.artedeco@gmail.com<\/a>). Assim, te ajudamos a escolher a pe\u00e7a ideal para voc\u00ea!<\/p>\n<p>A pe\u00e7a dispon\u00edvel a pronta entrega veste tamanho M.<\/p>\n","protected":false},"excerpt":{"rendered":"<p>Casaco Cores: a dualidade da delicadeza e da ousadia. Os quadrados de flores, como um mosaico de cores, adornam o corpo, enquanto as mangas, com suas carreiras coloridas, celebram a [&hellip;]<\/p>\n","protected":false},"featured_media":464,"comment_status":"open","ping_status":"closed","template":"","meta":[],"product_brand":[],"product_cat":[30],"product_tag":[],"class_list":{"0":"post-463","1":"product","2":"type-product","3":"status-publish","4":"has-post-thumbnail","6":"product_cat-casaco","7":"product_shipping_class-pecas-pesadas","9":"first","10":"onbackorder","11":"shipping-taxable","12":"purchasable","13":"product-type-simple"},"_links":{"self":[{"href":"https:\/\/aleartedeco.com.br\/index.php?rest_route=\/wp\/v2\/product\/463","targetHints":{"allow":["GET"]}}],"collection":[{"href":"https:\/\/aleartedeco.com.br\/index.php?rest_route=\/wp\/v2\/product"}],"about":[{"href":"https:\/\/aleartedeco.com.br\/index.php?rest_route=\/wp\/v2\/types\/product"}],"replies":[{"embeddable":true,"href":"https:\/\/aleartedeco.com.br\/index.php?rest_route=%2Fwp%2Fv2%2Fcomments&post=463"}],"wp:featuredmedia":[{"embeddable":true,"href":"https:\/\/aleartedeco.com.br\/index.php?rest_route=\/wp\/v2\/media\/464"}],"wp:attachment":[{"href":"https:\/\/aleartedeco.com.br\/index.php?rest_route=%2Fwp%2Fv2%2Fmedia&parent=463"}],"wp:term":[{"taxonomy":"product_brand","embeddable":true,"href":"https:\/\/aleartedeco.com.br\/index.php?rest_route=%2Fwp%2Fv2%2Fproduct_brand&post=463"},{"taxonomy":"product_cat","embeddable":true,"href":"https:\/\/aleartedeco.com.br\/index.php?rest_route=%2Fwp%2Fv2%2Fproduct_cat&post=463"},{"taxonomy":"product_tag","embeddable":true,"href":"https:\/\/aleartedeco.com.br\/index.php?rest_route=%2Fwp%2Fv2%2Fproduct_tag&post=463"}],"curies":[{"name":"wp","href":"https:\/\/api.w.org\/{rel}","templated":true}]}}