{"id":436,"date":"2025-03-22T14:16:56","date_gmt":"2025-03-22T17:16:56","guid":{"rendered":"https:\/\/aleartedeco.com.br\/?post_type=product&#038;p=436"},"modified":"2026-03-24T22:24:32","modified_gmt":"2026-03-25T01:24:32","slug":"vestido-longo-com-aplicacao-de-flores","status":"publish","type":"product","link":"https:\/\/aleartedeco.com.br\/?product=vestido-longo-com-aplicacao-de-flores","title":{"rendered":"Vestido Floren\u00e7a"},"content":{"rendered":"<p><strong>Descri\u00e7\u00e3o<\/strong><\/p>\n<p>Vestido com decote em V, manga longa e fenda lateral com aplica\u00e7\u00e3o de flores nos punhos e no decote. n\u00e3o tem forro.<\/p>\n<p>&nbsp;<\/p>\n<p><strong>Composi\u00e7\u00e3o<\/strong><\/p>\n<p>produzido artesanalmente com linha 100% poliamida<\/p>\n<p>&nbsp;<\/p>\n<p><strong>Pronta entrega\u00a0<\/strong><\/p>\n<p>veste tamanho M<\/p>\n<p>&nbsp;<\/p>\n<p><strong>Observa\u00e7\u00e3o<\/strong><\/p>\n<p>Caso queira encomendar o conjunto com uma cor diferente ou sob medida, entre em contato conosco pelo WhatsApp antes de fazer o seu pedido \ud83d\ude42<\/p>\n","protected":false},"excerpt":{"rendered":"<p>Descri\u00e7\u00e3o Vestido com decote em V, manga longa e fenda lateral com aplica\u00e7\u00e3o de flores nos punhos e no decote. n\u00e3o tem forro. &nbsp; Composi\u00e7\u00e3o produzido artesanalmente com linha 100% [&hellip;]<\/p>\n","protected":false},"featured_media":437,"comment_status":"open","ping_status":"closed","template":"","meta":[],"product_brand":[],"product_cat":[42,25],"product_tag":[43],"class_list":{"0":"post-436","1":"product","2":"type-product","3":"status-publish","4":"has-post-thumbnail","6":"product_cat-curadoria","7":"product_cat-vestido","8":"product_tag-curadoria","9":"product_shipping_class-pecas-pesadas","11":"first","12":"instock","13":"shipping-taxable","14":"purchasable","15":"product-type-simple"},"_links":{"self":[{"href":"https:\/\/aleartedeco.com.br\/index.php?rest_route=\/wp\/v2\/product\/436","targetHints":{"allow":["GET"]}}],"collection":[{"href":"https:\/\/aleartedeco.com.br\/index.php?rest_route=\/wp\/v2\/product"}],"about":[{"href":"https:\/\/aleartedeco.com.br\/index.php?rest_route=\/wp\/v2\/types\/product"}],"replies":[{"embeddable":true,"href":"https:\/\/aleartedeco.com.br\/index.php?rest_route=%2Fwp%2Fv2%2Fcomments&post=436"}],"wp:featuredmedia":[{"embeddable":true,"href":"https:\/\/aleartedeco.com.br\/index.php?rest_route=\/wp\/v2\/media\/437"}],"wp:attachment":[{"href":"https:\/\/aleartedeco.com.br\/index.php?rest_route=%2Fwp%2Fv2%2Fmedia&parent=436"}],"wp:term":[{"taxonomy":"product_brand","embeddable":true,"href":"https:\/\/aleartedeco.com.br\/index.php?rest_route=%2Fwp%2Fv2%2Fproduct_brand&post=436"},{"taxonomy":"product_cat","embeddable":true,"href":"https:\/\/aleartedeco.com.br\/index.php?rest_route=%2Fwp%2Fv2%2Fproduct_cat&post=436"},{"taxonomy":"product_tag","embeddable":true,"href":"https:\/\/aleartedeco.com.br\/index.php?rest_route=%2Fwp%2Fv2%2Fproduct_tag&post=436"}],"curies":[{"name":"wp","href":"https:\/\/api.w.org\/{rel}","templated":true}]}}