{"id":432,"date":"2025-03-22T14:06:09","date_gmt":"2025-03-22T17:06:09","guid":{"rendered":"https:\/\/aleartedeco.com.br\/?post_type=product&#038;p=432"},"modified":"2026-03-24T22:36:56","modified_gmt":"2026-03-25T01:36:56","slug":"blusa","status":"publish","type":"product","link":"https:\/\/aleartedeco.com.br\/?product=blusa","title":{"rendered":"Blusa Tela"},"content":{"rendered":"<p><strong>Descri\u00e7\u00e3o<\/strong><\/p>\n<p>blusa regata vasada. n\u00e3o tem forro.<\/p>\n<p>&nbsp;<\/p>\n<p><strong>Composi\u00e7\u00e3o<\/strong><\/p>\n<p>produzido artesanalmente com linha 100% viscose<\/p>\n<p>&nbsp;<\/p>\n<p><strong>Pronta entrega<\/strong><\/p>\n<p>veste tamanho M<\/p>\n<p>&nbsp;<\/p>\n<p><strong>Observa\u00e7\u00e3o<\/strong><\/p>\n<p>Caso queira encomendar o conjunto com uma cor diferente ou sob medida, entre em contato conosco pelo WhatsApp antes de fazer o seu pedido \ud83d\ude42<\/p>\n","protected":false},"excerpt":{"rendered":"<p>Descri\u00e7\u00e3o blusa regata vasada. n\u00e3o tem forro. &nbsp; Composi\u00e7\u00e3o produzido artesanalmente com linha 100% viscose &nbsp; Pronta entrega veste tamanho M &nbsp; Observa\u00e7\u00e3o Caso queira encomendar o conjunto com uma [&hellip;]<\/p>\n","protected":false},"featured_media":434,"comment_status":"open","ping_status":"closed","template":"","meta":[],"product_brand":[],"product_cat":[16,40],"product_tag":[41],"class_list":{"0":"post-432","1":"product","2":"type-product","3":"status-publish","4":"has-post-thumbnail","6":"product_cat-blusa","7":"product_cat-essencial","8":"product_tag-essencial","10":"first","11":"instock","12":"shipping-taxable","13":"purchasable","14":"product-type-simple"},"_links":{"self":[{"href":"https:\/\/aleartedeco.com.br\/index.php?rest_route=\/wp\/v2\/product\/432","targetHints":{"allow":["GET"]}}],"collection":[{"href":"https:\/\/aleartedeco.com.br\/index.php?rest_route=\/wp\/v2\/product"}],"about":[{"href":"https:\/\/aleartedeco.com.br\/index.php?rest_route=\/wp\/v2\/types\/product"}],"replies":[{"embeddable":true,"href":"https:\/\/aleartedeco.com.br\/index.php?rest_route=%2Fwp%2Fv2%2Fcomments&post=432"}],"wp:featuredmedia":[{"embeddable":true,"href":"https:\/\/aleartedeco.com.br\/index.php?rest_route=\/wp\/v2\/media\/434"}],"wp:attachment":[{"href":"https:\/\/aleartedeco.com.br\/index.php?rest_route=%2Fwp%2Fv2%2Fmedia&parent=432"}],"wp:term":[{"taxonomy":"product_brand","embeddable":true,"href":"https:\/\/aleartedeco.com.br\/index.php?rest_route=%2Fwp%2Fv2%2Fproduct_brand&post=432"},{"taxonomy":"product_cat","embeddable":true,"href":"https:\/\/aleartedeco.com.br\/index.php?rest_route=%2Fwp%2Fv2%2Fproduct_cat&post=432"},{"taxonomy":"product_tag","embeddable":true,"href":"https:\/\/aleartedeco.com.br\/index.php?rest_route=%2Fwp%2Fv2%2Fproduct_tag&post=432"}],"curies":[{"name":"wp","href":"https:\/\/api.w.org\/{rel}","templated":true}]}}