{"id":428,"date":"2025-03-22T14:02:30","date_gmt":"2025-03-22T17:02:30","guid":{"rendered":"https:\/\/aleartedeco.com.br\/?post_type=product&#038;p=428"},"modified":"2025-04-05T17:34:39","modified_gmt":"2025-04-05T20:34:39","slug":"blusa-dois-fios","status":"publish","type":"product","link":"https:\/\/aleartedeco.com.br\/?product=blusa-dois-fios","title":{"rendered":"Blusa Dois Fios"},"content":{"rendered":"<p>Blusa Dois Fios: a dan\u00e7a das cores em uma trama singular. A combina\u00e7\u00e3o de dois fios vibrantes ganha vida em pontos abertos, formando um din\u00e2mico &#8216;X&#8217; que define a frente e as costas desta blusa de modelagem quadrada. Uma express\u00e3o de estilo arrojado e sofisticado, onde cada detalhe reflete a maestria do croch\u00ea.<\/p>\n<p>&nbsp;<\/p>\n<p>Cada linha \u00e9 selecionada de forma cuidadosa para garantir a qualidade, conforto e um toque artesanal que atravessa o tempo. Esse modelo \u00e9 produzido artesanalmente com linha 100% algod\u00e3o.<\/p>\n<p><strong>Caso queira alterar a cor da sua pe\u00e7a, entre em contato conosco pelo WhatsApp para consultar as cores dispon\u00edveis antes de fazer o seu pedido \ud83d\ude42<\/strong><\/p>\n<p>Se voc\u00ea tiver alguma d\u00favida durante o processo de compra, n\u00e3o hesite em entrar em contato conosco pelo WhatsApp (64 999270986), pelo Instagram (<a href=\"https:\/\/www.instagram.com\/ale.artedeco\/\">@ale.artedeco<\/a>) ou por email (<a href=\"mailto:alessandra.artedeco@gmail.com\">alessandra.artedeco@gmail.com<\/a>). Assim, te ajudamos a escolher a pe\u00e7a ideal para voc\u00ea!<\/p>\n<p>A pe\u00e7a dispon\u00edvel a pronta entrega veste tamanho G.<\/p>\n","protected":false},"excerpt":{"rendered":"<p>Blusa Dois Fios: a dan\u00e7a das cores em uma trama singular. A combina\u00e7\u00e3o de dois fios vibrantes ganha vida em pontos abertos, formando um din\u00e2mico &#8216;X&#8217; que define a frente [&hellip;]<\/p>\n","protected":false},"featured_media":429,"comment_status":"open","ping_status":"closed","template":"","meta":[],"product_brand":[],"product_cat":[16],"product_tag":[],"class_list":{"0":"post-428","1":"product","2":"type-product","3":"status-publish","4":"has-post-thumbnail","6":"product_cat-blusa","8":"first","9":"instock","10":"shipping-taxable","11":"purchasable","12":"product-type-simple"},"_links":{"self":[{"href":"https:\/\/aleartedeco.com.br\/index.php?rest_route=\/wp\/v2\/product\/428","targetHints":{"allow":["GET"]}}],"collection":[{"href":"https:\/\/aleartedeco.com.br\/index.php?rest_route=\/wp\/v2\/product"}],"about":[{"href":"https:\/\/aleartedeco.com.br\/index.php?rest_route=\/wp\/v2\/types\/product"}],"replies":[{"embeddable":true,"href":"https:\/\/aleartedeco.com.br\/index.php?rest_route=%2Fwp%2Fv2%2Fcomments&post=428"}],"wp:featuredmedia":[{"embeddable":true,"href":"https:\/\/aleartedeco.com.br\/index.php?rest_route=\/wp\/v2\/media\/429"}],"wp:attachment":[{"href":"https:\/\/aleartedeco.com.br\/index.php?rest_route=%2Fwp%2Fv2%2Fmedia&parent=428"}],"wp:term":[{"taxonomy":"product_brand","embeddable":true,"href":"https:\/\/aleartedeco.com.br\/index.php?rest_route=%2Fwp%2Fv2%2Fproduct_brand&post=428"},{"taxonomy":"product_cat","embeddable":true,"href":"https:\/\/aleartedeco.com.br\/index.php?rest_route=%2Fwp%2Fv2%2Fproduct_cat&post=428"},{"taxonomy":"product_tag","embeddable":true,"href":"https:\/\/aleartedeco.com.br\/index.php?rest_route=%2Fwp%2Fv2%2Fproduct_tag&post=428"}],"curies":[{"name":"wp","href":"https:\/\/api.w.org\/{rel}","templated":true}]}}