{"id":421,"date":"2025-03-22T13:53:05","date_gmt":"2025-03-22T16:53:05","guid":{"rendered":"https:\/\/aleartedeco.com.br\/?post_type=product&#038;p=421"},"modified":"2025-04-08T20:24:15","modified_gmt":"2025-04-08T23:24:15","slug":"bata-colorida","status":"publish","type":"product","link":"https:\/\/aleartedeco.com.br\/?product=bata-colorida","title":{"rendered":"Bata Caleidosc\u00f3pio"},"content":{"rendered":"<p>Bata Caleidosc\u00f3pio: a arte de vestir a cor em movimento. Feita com a maciez do algod\u00e3o, esta bata abra\u00e7a suas curvas naturais enquanto um espet\u00e1culo de cores se revela a cada cent\u00edmetro. Como em um caleidosc\u00f3pio, as tonalidades se alternam em uma dan\u00e7a visual \u00fanica, transformando cada pe\u00e7a em uma experi\u00eancia singular.<\/p>\n<p>&nbsp;<\/p>\n<p>Cada linha \u00e9 selecionada de forma cuidadosa para garantir a qualidade, conforto e um toque artesanal que atravessa o tempo. Esse modelo \u00e9 produzido artesanalmente com linha 100% algod\u00e3o.<\/p>\n<p><strong>Caso queira alterar a cor da sua pe\u00e7a, entre em contato conosco pelo WhatsApp para consultar as cores dispon\u00edveis antes de fazer o seu pedido \ud83d\ude42<\/strong><\/p>\n<p>Se voc\u00ea tiver alguma d\u00favida durante o processo de compra, n\u00e3o hesite em entrar em contato conosco pelo WhatsApp (64 999270986), pelo Instagram (<a href=\"https:\/\/www.instagram.com\/ale.artedeco\/\">@ale.artedeco<\/a>) ou por email (<a href=\"mailto:alessandra.artedeco@gmail.com\">alessandra.artedeco@gmail.com<\/a>). Assim, te ajudamos a escolher a pe\u00e7a ideal para voc\u00ea!<\/p>\n<p>A pe\u00e7a dispon\u00edvel a pronta entrega veste tamanho P.<\/p>\n","protected":false},"excerpt":{"rendered":"<p>Bata Caleidosc\u00f3pio: a arte de vestir a cor em movimento. Feita com a maciez do algod\u00e3o, esta bata abra\u00e7a suas curvas naturais enquanto um espet\u00e1culo de cores se revela a [&hellip;]<\/p>\n","protected":false},"featured_media":424,"comment_status":"open","ping_status":"closed","template":"","meta":[],"product_brand":[],"product_cat":[16],"product_tag":[],"class_list":{"0":"post-421","1":"product","2":"type-product","3":"status-publish","4":"has-post-thumbnail","6":"product_cat-blusa","8":"first","9":"instock","10":"shipping-taxable","11":"purchasable","12":"product-type-simple"},"_links":{"self":[{"href":"https:\/\/aleartedeco.com.br\/index.php?rest_route=\/wp\/v2\/product\/421","targetHints":{"allow":["GET"]}}],"collection":[{"href":"https:\/\/aleartedeco.com.br\/index.php?rest_route=\/wp\/v2\/product"}],"about":[{"href":"https:\/\/aleartedeco.com.br\/index.php?rest_route=\/wp\/v2\/types\/product"}],"replies":[{"embeddable":true,"href":"https:\/\/aleartedeco.com.br\/index.php?rest_route=%2Fwp%2Fv2%2Fcomments&post=421"}],"wp:featuredmedia":[{"embeddable":true,"href":"https:\/\/aleartedeco.com.br\/index.php?rest_route=\/wp\/v2\/media\/424"}],"wp:attachment":[{"href":"https:\/\/aleartedeco.com.br\/index.php?rest_route=%2Fwp%2Fv2%2Fmedia&parent=421"}],"wp:term":[{"taxonomy":"product_brand","embeddable":true,"href":"https:\/\/aleartedeco.com.br\/index.php?rest_route=%2Fwp%2Fv2%2Fproduct_brand&post=421"},{"taxonomy":"product_cat","embeddable":true,"href":"https:\/\/aleartedeco.com.br\/index.php?rest_route=%2Fwp%2Fv2%2Fproduct_cat&post=421"},{"taxonomy":"product_tag","embeddable":true,"href":"https:\/\/aleartedeco.com.br\/index.php?rest_route=%2Fwp%2Fv2%2Fproduct_tag&post=421"}],"curies":[{"name":"wp","href":"https:\/\/api.w.org\/{rel}","templated":true}]}}