{"id":260,"date":"2025-02-02T18:01:44","date_gmt":"2025-02-02T21:01:44","guid":{"rendered":"https:\/\/aleartedeco.com.br\/?post_type=product&#038;p=260"},"modified":"2025-04-08T20:52:16","modified_gmt":"2025-04-08T23:52:16","slug":"blusa-com-aplicacao-de-croche","status":"publish","type":"product","link":"https:\/\/aleartedeco.com.br\/?product=blusa-com-aplicacao-de-croche","title":{"rendered":"Camiseta Detalhes"},"content":{"rendered":"<p>Camiseta Detalhes: \u00e9 a pe\u00e7a ideal para voc\u00ea que ainda n\u00e3o sabe se o croch\u00ea faz parte do seu estilo. Que tal come\u00e7ar por uma camiseta b\u00e1sica com aplica\u00e7\u00e3o de croch\u00ea? Assim voc\u00ea consegue fugir do \u00f3bvio sem ousar demais e ainda estar\u00e1 trazendo pe\u00e7as aut\u00eanticas para a sua rotina.<\/p>\n<p>&nbsp;<\/p>\n<p><strong>Caso queira alterar a cor da sua pe\u00e7a, entre em contato conosco pelo WhatsApp para consultar as cores dispon\u00edveis antes de fazer o seu pedido \ud83d\ude42<\/strong><\/p>\n<p>Se voc\u00ea tiver alguma d\u00favida durante o processo de compra, n\u00e3o hesite em entrar em contato conosco pelo WhatsApp (64 999270986), pelo Instagram (<a href=\"https:\/\/www.instagram.com\/ale.artedeco\/\">@ale.artedeco<\/a>) ou por email (<a href=\"mailto:alessandra.artedeco@gmail.com\">alessandra.artedeco@gmail.com<\/a>). Assim, te ajudamos a escolher a pe\u00e7a ideal para voc\u00ea!<\/p>\n<p>A pe\u00e7a dispon\u00edvel a pronta entrega veste tamanho P.<\/p>\n","protected":false},"excerpt":{"rendered":"<p>Camiseta Detalhes: \u00e9 a pe\u00e7a ideal para voc\u00ea que ainda n\u00e3o sabe se o croch\u00ea faz parte do seu estilo. Que tal come\u00e7ar por uma camiseta b\u00e1sica com aplica\u00e7\u00e3o de [&hellip;]<\/p>\n","protected":false},"featured_media":475,"comment_status":"open","ping_status":"closed","template":"","meta":[],"product_brand":[],"product_cat":[16],"product_tag":[],"class_list":{"0":"post-260","1":"product","2":"type-product","3":"status-publish","4":"has-post-thumbnail","6":"product_cat-blusa","8":"first","9":"instock","10":"shipping-taxable","11":"purchasable","12":"product-type-simple"},"_links":{"self":[{"href":"https:\/\/aleartedeco.com.br\/index.php?rest_route=\/wp\/v2\/product\/260","targetHints":{"allow":["GET"]}}],"collection":[{"href":"https:\/\/aleartedeco.com.br\/index.php?rest_route=\/wp\/v2\/product"}],"about":[{"href":"https:\/\/aleartedeco.com.br\/index.php?rest_route=\/wp\/v2\/types\/product"}],"replies":[{"embeddable":true,"href":"https:\/\/aleartedeco.com.br\/index.php?rest_route=%2Fwp%2Fv2%2Fcomments&post=260"}],"wp:featuredmedia":[{"embeddable":true,"href":"https:\/\/aleartedeco.com.br\/index.php?rest_route=\/wp\/v2\/media\/475"}],"wp:attachment":[{"href":"https:\/\/aleartedeco.com.br\/index.php?rest_route=%2Fwp%2Fv2%2Fmedia&parent=260"}],"wp:term":[{"taxonomy":"product_brand","embeddable":true,"href":"https:\/\/aleartedeco.com.br\/index.php?rest_route=%2Fwp%2Fv2%2Fproduct_brand&post=260"},{"taxonomy":"product_cat","embeddable":true,"href":"https:\/\/aleartedeco.com.br\/index.php?rest_route=%2Fwp%2Fv2%2Fproduct_cat&post=260"},{"taxonomy":"product_tag","embeddable":true,"href":"https:\/\/aleartedeco.com.br\/index.php?rest_route=%2Fwp%2Fv2%2Fproduct_tag&post=260"}],"curies":[{"name":"wp","href":"https:\/\/api.w.org\/{rel}","templated":true}]}}