{"id":222,"date":"2025-02-01T18:54:17","date_gmt":"2025-02-01T21:54:17","guid":{"rendered":"https:\/\/aleartedeco.com.br\/?post_type=product&#038;p=222"},"modified":"2025-04-10T19:39:29","modified_gmt":"2025-04-10T22:39:29","slug":"saida-de-praia","status":"publish","type":"product","link":"https:\/\/aleartedeco.com.br\/?product=saida-de-praia","title":{"rendered":"Vestido Beira Mar"},"content":{"rendered":"<p class=\"whitespace-pre-wrap break-words\">Entre raios de sol e o ritmo das ondas nasceu o Vestido Beira Mar, uma sa\u00edda de praia que captura a ess\u00eancia vibrante do ver\u00e3o brasileiro. Em um laranja que remete ao p\u00f4r do sol refletido nas \u00e1guas, esta pe\u00e7a foi confeccionada artesanalmente utilizando a t\u00e9cnica do croch\u00ea de grampo, conhecida por sua trama delicada e fluida.<\/p>\n<p class=\"whitespace-pre-wrap break-words\">Cada movimenta\u00e7\u00e3o do corpo faz o vestido dan\u00e7ar como a pr\u00f3pria maresia, criando uma comunica\u00e7\u00e3o silenciosa entre a artes\u00e3 que o confeccionou e quem o veste. O decote com amarra\u00e7\u00e3o personalizada permite ajustes que abra\u00e7am diferentes tipos de corpo, honrando a individualidade de cada mulher que escolhe vestir-se com arte manual.<\/p>\n<p class=\"whitespace-pre-wrap break-words\">A t\u00e9cnica de croch\u00ea de grampo, utilizada nesta pe\u00e7a, tem origens que remontam ao s\u00e9culo XIX e exige precis\u00e3o r\u00edtmica nos movimentos. Foram necess\u00e1rias aproximadamente 26 horas na confec\u00e7\u00e3o dessa unidade.<\/p>\n<p>&nbsp;<\/p>\n<p>Nossas linhas s\u00e3o selecionadas de forma atenciosa para garantir a qualidade, conforto e o toque do artesanal que atravessa o tempo. Esse modelo \u00e9 produzido artesanalmente com linha 100% algod\u00e3o.<\/p>\n<p><strong>Caso queira alterar a cor da sua pe\u00e7a, entre em contato conosco pelo WhatsApp para consultar as cores dispon\u00edveis antes de fazer o seu pedido \ud83d\ude42<\/strong><\/p>\n<p>Se voc\u00ea tiver alguma d\u00favida durante o processo de compra, n\u00e3o hesite em entrar em contato conosco pelo WhatsApp (64 999270986), pelo Instagram (<a href=\"https:\/\/www.instagram.com\/ale.artedeco\/\">@ale.artedeco<\/a>) ou por email (<a href=\"mailto:alessandra.artedeco@gmail.com\">alessandra.artedeco@gmail.com<\/a>). Assim, te ajudamos a escolher a pe\u00e7a ideal para o seu momento!<\/p>\n<p>A pe\u00e7a dispon\u00edvel a pronta entrega veste tamanho G.<\/p>\n","protected":false},"excerpt":{"rendered":"<p>Entre raios de sol e o ritmo das ondas nasceu o Vestido Beira Mar, uma sa\u00edda de praia que captura a ess\u00eancia vibrante do ver\u00e3o brasileiro. Em um laranja que [&hellip;]<\/p>\n","protected":false},"featured_media":481,"comment_status":"open","ping_status":"closed","template":"","meta":[],"product_brand":[],"product_cat":[25],"product_tag":[],"class_list":{"0":"post-222","1":"product","2":"type-product","3":"status-publish","4":"has-post-thumbnail","6":"product_cat-vestido","8":"first","9":"instock","10":"shipping-taxable","11":"purchasable","12":"product-type-simple"},"_links":{"self":[{"href":"https:\/\/aleartedeco.com.br\/index.php?rest_route=\/wp\/v2\/product\/222","targetHints":{"allow":["GET"]}}],"collection":[{"href":"https:\/\/aleartedeco.com.br\/index.php?rest_route=\/wp\/v2\/product"}],"about":[{"href":"https:\/\/aleartedeco.com.br\/index.php?rest_route=\/wp\/v2\/types\/product"}],"replies":[{"embeddable":true,"href":"https:\/\/aleartedeco.com.br\/index.php?rest_route=%2Fwp%2Fv2%2Fcomments&post=222"}],"wp:featuredmedia":[{"embeddable":true,"href":"https:\/\/aleartedeco.com.br\/index.php?rest_route=\/wp\/v2\/media\/481"}],"wp:attachment":[{"href":"https:\/\/aleartedeco.com.br\/index.php?rest_route=%2Fwp%2Fv2%2Fmedia&parent=222"}],"wp:term":[{"taxonomy":"product_brand","embeddable":true,"href":"https:\/\/aleartedeco.com.br\/index.php?rest_route=%2Fwp%2Fv2%2Fproduct_brand&post=222"},{"taxonomy":"product_cat","embeddable":true,"href":"https:\/\/aleartedeco.com.br\/index.php?rest_route=%2Fwp%2Fv2%2Fproduct_cat&post=222"},{"taxonomy":"product_tag","embeddable":true,"href":"https:\/\/aleartedeco.com.br\/index.php?rest_route=%2Fwp%2Fv2%2Fproduct_tag&post=222"}],"curies":[{"name":"wp","href":"https:\/\/api.w.org\/{rel}","templated":true}]}}