{"id":216,"date":"2025-02-01T18:50:42","date_gmt":"2025-02-01T21:50:42","guid":{"rendered":"https:\/\/aleartedeco.com.br\/?post_type=product&#038;p=216"},"modified":"2025-04-10T19:29:55","modified_gmt":"2025-04-10T22:29:55","slug":"blusa-degrade","status":"publish","type":"product","link":"https:\/\/aleartedeco.com.br\/?product=blusa-degrade","title":{"rendered":"Blusa Degrad\u00ea"},"content":{"rendered":"<p>Blusa Degrad\u00ea: uma transi\u00e7\u00e3o de cores. Feita com pontos abertos e com uma linha que vai mudando de forma suave, a essa pe\u00e7a traz conforto e estilo para o seu look.<\/p>\n<p>&nbsp;<\/p>\n<p>Cada linha \u00e9 selecionada de forma cuidadosa para garantir a qualidade, conforto e um toque artesanal que atravessa o tempo. Esse modelo \u00e9 produzido com linha 50% algod\u00e3o e 50% acr\u00edlico.<\/p>\n<p><strong>Caso queira alterar a cor da sua pe\u00e7a, entre em contato conosco pelo WhatsApp para consultar as cores dispon\u00edveis antes de fazer o seu pedido \ud83d\ude42<\/strong><\/p>\n<p>Se voc\u00ea tiver alguma d\u00favida durante o processo de compra, n\u00e3o hesite em entrar em contato conosco pelo WhatsApp (64 999270986), pelo Instagram (<a href=\"https:\/\/www.instagram.com\/ale.artedeco\/\">@ale.artedeco<\/a>) ou por email (<a href=\"mailto:alessandra.artedeco@gmail.com\">alessandra.artedeco@gmail.com<\/a>). Assim, te ajudamos a escolher a pe\u00e7a ideal para voc\u00ea!<\/p>\n<p>A pe\u00e7a dispon\u00edvel a pronta entrega veste tamanho G.<\/p>\n","protected":false},"excerpt":{"rendered":"<p>Blusa Degrad\u00ea: uma transi\u00e7\u00e3o de cores. Feita com pontos abertos e com uma linha que vai mudando de forma suave, a essa pe\u00e7a traz conforto e estilo para o seu [&hellip;]<\/p>\n","protected":false},"featured_media":486,"comment_status":"open","ping_status":"closed","template":"","meta":[],"product_brand":[],"product_cat":[16],"product_tag":[],"class_list":{"0":"post-216","1":"product","2":"type-product","3":"status-publish","4":"has-post-thumbnail","6":"product_cat-blusa","8":"first","9":"instock","10":"shipping-taxable","11":"purchasable","12":"product-type-simple"},"_links":{"self":[{"href":"https:\/\/aleartedeco.com.br\/index.php?rest_route=\/wp\/v2\/product\/216","targetHints":{"allow":["GET"]}}],"collection":[{"href":"https:\/\/aleartedeco.com.br\/index.php?rest_route=\/wp\/v2\/product"}],"about":[{"href":"https:\/\/aleartedeco.com.br\/index.php?rest_route=\/wp\/v2\/types\/product"}],"replies":[{"embeddable":true,"href":"https:\/\/aleartedeco.com.br\/index.php?rest_route=%2Fwp%2Fv2%2Fcomments&post=216"}],"wp:featuredmedia":[{"embeddable":true,"href":"https:\/\/aleartedeco.com.br\/index.php?rest_route=\/wp\/v2\/media\/486"}],"wp:attachment":[{"href":"https:\/\/aleartedeco.com.br\/index.php?rest_route=%2Fwp%2Fv2%2Fmedia&parent=216"}],"wp:term":[{"taxonomy":"product_brand","embeddable":true,"href":"https:\/\/aleartedeco.com.br\/index.php?rest_route=%2Fwp%2Fv2%2Fproduct_brand&post=216"},{"taxonomy":"product_cat","embeddable":true,"href":"https:\/\/aleartedeco.com.br\/index.php?rest_route=%2Fwp%2Fv2%2Fproduct_cat&post=216"},{"taxonomy":"product_tag","embeddable":true,"href":"https:\/\/aleartedeco.com.br\/index.php?rest_route=%2Fwp%2Fv2%2Fproduct_tag&post=216"}],"curies":[{"name":"wp","href":"https:\/\/api.w.org\/{rel}","templated":true}]}}