{"id":156,"date":"2025-02-01T17:51:38","date_gmt":"2025-02-01T20:51:38","guid":{"rendered":"https:\/\/aleartedeco.com.br\/?post_type=product&#038;p=156"},"modified":"2025-04-10T19:29:13","modified_gmt":"2025-04-10T22:29:13","slug":"top-com-recorte-frontal","status":"publish","type":"product","link":"https:\/\/aleartedeco.com.br\/?product=top-com-recorte-frontal","title":{"rendered":"Top Recorte"},"content":{"rendered":"<p>Top Recorte: a combina\u00e7\u00e3o perfeita entre seguran\u00e7a e sensualidade. A trama fechada oferece suporte e eleg\u00e2ncia, enquanto o recorte frontal insinua com sofistica\u00e7\u00e3o. A amarra\u00e7\u00e3o nas costas \u00e9 um detalhe que celebra a feminilidade, destacando a beleza natural da sua silhueta.<\/p>\n<p>&nbsp;<\/p>\n<p>Nossas linhas s\u00e3o selecionadas de forma atenciosa para garantir a qualidade, conforto e o toque do artesanal que atravessa o tempo. Esse modelo \u00e9 produzido com linha 100% algod\u00e3o.<\/p>\n<p><strong>Caso queira alterar a cor da sua pe\u00e7a, entre em contato conosco pelo WhatsApp para consultar as cores dispon\u00edveis antes de fazer o seu pedido \ud83d\ude42<\/strong><\/p>\n<p>Se voc\u00ea tiver alguma d\u00favida durante o processo de compra, n\u00e3o hesite em entrar em contato conosco pelo WhatsApp (64 999270986), pelo Instagram (<a href=\"https:\/\/www.instagram.com\/ale.artedeco\/\">@ale.artedeco<\/a>) ou por email (<a href=\"mailto:alessandra.artedeco@gmail.com\">alessandra.artedeco@gmail.com<\/a>). Assim, te ajudamos a escolher a pe\u00e7a ideal para o seu momento!<\/p>\n<p>A pe\u00e7a dispon\u00edvel a pronta entrega veste tamanho P.<\/p>\n","protected":false},"excerpt":{"rendered":"<p>Top Recorte: a combina\u00e7\u00e3o perfeita entre seguran\u00e7a e sensualidade. A trama fechada oferece suporte e eleg\u00e2ncia, enquanto o recorte frontal insinua com sofistica\u00e7\u00e3o. A amarra\u00e7\u00e3o nas costas \u00e9 um detalhe [&hellip;]<\/p>\n","protected":false},"featured_media":611,"comment_status":"open","ping_status":"closed","template":"","meta":[],"product_brand":[],"product_cat":[20],"product_tag":[],"class_list":{"0":"post-156","1":"product","2":"type-product","3":"status-publish","4":"has-post-thumbnail","6":"product_cat-top","8":"first","9":"instock","10":"shipping-taxable","11":"purchasable","12":"product-type-simple"},"_links":{"self":[{"href":"https:\/\/aleartedeco.com.br\/index.php?rest_route=\/wp\/v2\/product\/156","targetHints":{"allow":["GET"]}}],"collection":[{"href":"https:\/\/aleartedeco.com.br\/index.php?rest_route=\/wp\/v2\/product"}],"about":[{"href":"https:\/\/aleartedeco.com.br\/index.php?rest_route=\/wp\/v2\/types\/product"}],"replies":[{"embeddable":true,"href":"https:\/\/aleartedeco.com.br\/index.php?rest_route=%2Fwp%2Fv2%2Fcomments&post=156"}],"wp:featuredmedia":[{"embeddable":true,"href":"https:\/\/aleartedeco.com.br\/index.php?rest_route=\/wp\/v2\/media\/611"}],"wp:attachment":[{"href":"https:\/\/aleartedeco.com.br\/index.php?rest_route=%2Fwp%2Fv2%2Fmedia&parent=156"}],"wp:term":[{"taxonomy":"product_brand","embeddable":true,"href":"https:\/\/aleartedeco.com.br\/index.php?rest_route=%2Fwp%2Fv2%2Fproduct_brand&post=156"},{"taxonomy":"product_cat","embeddable":true,"href":"https:\/\/aleartedeco.com.br\/index.php?rest_route=%2Fwp%2Fv2%2Fproduct_cat&post=156"},{"taxonomy":"product_tag","embeddable":true,"href":"https:\/\/aleartedeco.com.br\/index.php?rest_route=%2Fwp%2Fv2%2Fproduct_tag&post=156"}],"curies":[{"name":"wp","href":"https:\/\/api.w.org\/{rel}","templated":true}]}}