{"id":129,"date":"2025-02-01T17:28:38","date_gmt":"2025-02-01T20:28:38","guid":{"rendered":"https:\/\/aleartedeco.com.br\/?post_type=product&#038;p=129"},"modified":"2025-04-18T12:17:43","modified_gmt":"2025-04-18T15:17:43","slug":"vestido-degrade-com-manga-curta","status":"publish","type":"product","link":"https:\/\/aleartedeco.com.br\/?product=vestido-degrade-com-manga-curta","title":{"rendered":"Vestido Outono"},"content":{"rendered":"<p>Vestido Outono: a magia das cores da esta\u00e7\u00e3o em cada fio. Confeccionado com um fio em degrad\u00ea que transiciona do calor do marrom \u00e0 intensidade do vermelho, este vestido curto evoca a beleza da paleta outonal. Os detalhes em ponto pipoca adicionam uma textura rica ao modelo. Com mangas curtas e saia evas\u00ea, \u00e9 a pe\u00e7a perfeita para celebrar a esta\u00e7\u00e3o com eleg\u00e2ncia e originalidade.<\/p>\n<p>&nbsp;<\/p>\n<p>Nossas linhas s\u00e3o selecionadas de forma cuidadosa para garantir a qualidade, conforto e um toque artesanal que atravessa o tempo. Esse modelo \u00e9 produzido com linha 50% algod\u00e3o e 50% acr\u00edlico.<\/p>\n<p><strong>Caso queira alterar a cor da sua pe\u00e7a, entre em contato conosco pelo WhatsApp para consultar as cores dispon\u00edveis antes de fazer o seu pedido \ud83d\ude42<\/strong><\/p>\n<p>Cada novelo tem um efeito degrad\u00ea diferente o que pode influenciar na cor do produto.<\/p>\n<p>Se voc\u00ea tiver alguma d\u00favida durante o processo de compra, n\u00e3o hesite em entrar em contato conosco pelo WhatsApp (64 999270986), pelo Instagram (<a href=\"https:\/\/www.instagram.com\/ale.artedeco\/\">@ale.artedeco<\/a>) ou por email (<a href=\"mailto:alessandra.artedeco@gmail.com\">alessandra.artedeco@gmail.com<\/a>). Assim, te ajudamos a escolher a pe\u00e7a ideal para voc\u00ea!<\/p>\n<p>A pe\u00e7a dispon\u00edvel a pronta entrega veste tamanho G.<\/p>\n","protected":false},"excerpt":{"rendered":"<p>Vestido Outono: a magia das cores da esta\u00e7\u00e3o em cada fio. Confeccionado com um fio em degrad\u00ea que transiciona do calor do marrom \u00e0 intensidade do vermelho, este vestido curto [&hellip;]<\/p>\n","protected":false},"featured_media":489,"comment_status":"open","ping_status":"closed","template":"","meta":[],"product_brand":[],"product_cat":[25],"product_tag":[],"class_list":{"0":"post-129","1":"product","2":"type-product","3":"status-publish","4":"has-post-thumbnail","6":"product_cat-vestido","7":"product_shipping_class-pecas-pesadas","9":"first","10":"instock","11":"shipping-taxable","12":"purchasable","13":"product-type-simple"},"_links":{"self":[{"href":"https:\/\/aleartedeco.com.br\/index.php?rest_route=\/wp\/v2\/product\/129","targetHints":{"allow":["GET"]}}],"collection":[{"href":"https:\/\/aleartedeco.com.br\/index.php?rest_route=\/wp\/v2\/product"}],"about":[{"href":"https:\/\/aleartedeco.com.br\/index.php?rest_route=\/wp\/v2\/types\/product"}],"replies":[{"embeddable":true,"href":"https:\/\/aleartedeco.com.br\/index.php?rest_route=%2Fwp%2Fv2%2Fcomments&post=129"}],"wp:featuredmedia":[{"embeddable":true,"href":"https:\/\/aleartedeco.com.br\/index.php?rest_route=\/wp\/v2\/media\/489"}],"wp:attachment":[{"href":"https:\/\/aleartedeco.com.br\/index.php?rest_route=%2Fwp%2Fv2%2Fmedia&parent=129"}],"wp:term":[{"taxonomy":"product_brand","embeddable":true,"href":"https:\/\/aleartedeco.com.br\/index.php?rest_route=%2Fwp%2Fv2%2Fproduct_brand&post=129"},{"taxonomy":"product_cat","embeddable":true,"href":"https:\/\/aleartedeco.com.br\/index.php?rest_route=%2Fwp%2Fv2%2Fproduct_cat&post=129"},{"taxonomy":"product_tag","embeddable":true,"href":"https:\/\/aleartedeco.com.br\/index.php?rest_route=%2Fwp%2Fv2%2Fproduct_tag&post=129"}],"curies":[{"name":"wp","href":"https:\/\/api.w.org\/{rel}","templated":true}]}}