{"id":116,"date":"2025-01-31T21:35:23","date_gmt":"2025-02-01T00:35:23","guid":{"rendered":"https:\/\/aleartedeco.com.br\/?post_type=product&#038;p=116"},"modified":"2026-03-24T22:28:44","modified_gmt":"2026-03-25T01:28:44","slug":"conjunto-top-e-saia-com-aplicacao","status":"publish","type":"product","link":"https:\/\/aleartedeco.com.br\/?product=conjunto-top-e-saia-com-aplicacao","title":{"rendered":"Conjunto Tropical"},"content":{"rendered":"<p><strong>Descri\u00e7\u00e3o<\/strong><\/p>\n<p>conjunto composto por tipo com al\u00e7a e amarra\u00e7\u00e3o nas costas e saia curta com amarra\u00e7\u00e3o lateral. n\u00e3o tem forro.<\/p>\n<p>&nbsp;<\/p>\n<p><strong>Composi\u00e7\u00e3o<\/strong><\/p>\n<p>produzido artesanalmente com linha 100% algod\u00e3o<\/p>\n<p>&nbsp;<\/p>\n<p><strong>Pronta entrega<\/strong><\/p>\n<p>veste tamanho M<\/p>\n<p>&nbsp;<\/p>\n<p><strong>Observa\u00e7\u00e3o<\/strong><\/p>\n<p>Caso queira encomendar o conjunto com uma cor diferente ou sob medida, entre em contato conosco pelo WhatsApp antes de fazer o seu pedido \ud83d\ude42<\/p>\n","protected":false},"excerpt":{"rendered":"<p>Descri\u00e7\u00e3o conjunto composto por tipo com al\u00e7a e amarra\u00e7\u00e3o nas costas e saia curta com amarra\u00e7\u00e3o lateral. n\u00e3o tem forro. &nbsp; Composi\u00e7\u00e3o produzido artesanalmente com linha 100% algod\u00e3o &nbsp; Pronta [&hellip;]<\/p>\n","protected":false},"featured_media":618,"comment_status":"open","ping_status":"closed","template":"","meta":[],"product_brand":[],"product_cat":[17,21,20],"product_tag":[],"class_list":{"0":"post-116","1":"product","2":"type-product","3":"status-publish","4":"has-post-thumbnail","6":"product_cat-conjunto","7":"product_cat-saia","8":"product_cat-top","10":"first","11":"instock","12":"shipping-taxable","13":"purchasable","14":"product-type-simple"},"_links":{"self":[{"href":"https:\/\/aleartedeco.com.br\/index.php?rest_route=\/wp\/v2\/product\/116","targetHints":{"allow":["GET"]}}],"collection":[{"href":"https:\/\/aleartedeco.com.br\/index.php?rest_route=\/wp\/v2\/product"}],"about":[{"href":"https:\/\/aleartedeco.com.br\/index.php?rest_route=\/wp\/v2\/types\/product"}],"replies":[{"embeddable":true,"href":"https:\/\/aleartedeco.com.br\/index.php?rest_route=%2Fwp%2Fv2%2Fcomments&post=116"}],"wp:featuredmedia":[{"embeddable":true,"href":"https:\/\/aleartedeco.com.br\/index.php?rest_route=\/wp\/v2\/media\/618"}],"wp:attachment":[{"href":"https:\/\/aleartedeco.com.br\/index.php?rest_route=%2Fwp%2Fv2%2Fmedia&parent=116"}],"wp:term":[{"taxonomy":"product_brand","embeddable":true,"href":"https:\/\/aleartedeco.com.br\/index.php?rest_route=%2Fwp%2Fv2%2Fproduct_brand&post=116"},{"taxonomy":"product_cat","embeddable":true,"href":"https:\/\/aleartedeco.com.br\/index.php?rest_route=%2Fwp%2Fv2%2Fproduct_cat&post=116"},{"taxonomy":"product_tag","embeddable":true,"href":"https:\/\/aleartedeco.com.br\/index.php?rest_route=%2Fwp%2Fv2%2Fproduct_tag&post=116"}],"curies":[{"name":"wp","href":"https:\/\/api.w.org\/{rel}","templated":true}]}}