{"id":113,"date":"2025-01-31T21:32:32","date_gmt":"2025-02-01T00:32:32","guid":{"rendered":"https:\/\/aleartedeco.com.br\/?post_type=product&#038;p=113"},"modified":"2025-04-18T12:18:46","modified_gmt":"2025-04-18T15:18:46","slug":"vestido-com-listras","status":"publish","type":"product","link":"https:\/\/aleartedeco.com.br\/?product=vestido-com-listras","title":{"rendered":"Vestido Crep\u00fasculo"},"content":{"rendered":"<p class=\"whitespace-pre-wrap break-words\">Da combina\u00e7\u00e3o entre a intensidade do vermelho e a delicadeza dos pontos abertos nasce o Vestido Crep\u00fasculo. Confeccionado inteiramente \u00e0 m\u00e3o, este vestido midi \u00e9 um convite para celebrar a feminilidade com leveza e personalidade.<\/p>\n<p class=\"whitespace-pre-wrap break-words\">O trabalho em croch\u00ea de pontos abertos cria um padr\u00e3o ventilado que dan\u00e7a com a brisa e permite que a pele respire, enquanto o corte sem mangas exalta a liberdade dos movimentos. Na altura do joelho at\u00e9 a barra, faixas coloridas se entrela\u00e7am como um horizonte ao entardecer, representando as cores que tingem o c\u00e9u quando o dia se despede.<\/p>\n<p class=\"whitespace-pre-wrap break-words\">Cada vestido leva aproximadamente 32 horas de trabalho meticuloso, com fios de polipropileno selecionados por sua durabilidade e conforto.<\/p>\n<h2 class=\"text-xl font-bold text-text-100 mt-1 -mb-0.5\"><\/h2>\n<p><strong>Sugest\u00f5es: <\/strong>esta pe\u00e7a \u00fanica harmoniza perfeitamente com sand\u00e1lias de couro artesanal e acess\u00f3rios minimalistas em materiais naturais como madeira ou sementes.<\/p>\n<p>&nbsp;<\/p>\n<p>Nossas linhas s\u00e3o selecionadas de forma atenciosa para garantir a qualidade, conforto e o toque do artesanal que atravessa o tempo. Esse modelo \u00e9 produzido artesanalmente com linha 100% polipropileno.<\/p>\n<p><strong>Caso queira alterar a cor da sua pe\u00e7a, entre em contato conosco pelo WhatsApp para consultar as cores dispon\u00edveis antes de fazer o seu pedido \ud83d\ude42<\/strong><\/p>\n<p>Se voc\u00ea tiver alguma d\u00favida durante o processo de compra, n\u00e3o hesite em entrar em contato conosco pelo WhatsApp (64 999270986), pelo Instagram (<a href=\"https:\/\/www.instagram.com\/ale.artedeco\/\">@ale.artedeco<\/a>) ou por email (<a href=\"mailto:alessandra.artedeco@gmail.com\">alessandra.artedeco@gmail.com<\/a>). Assim, te ajudamos a escolher a pe\u00e7a ideal para voc\u00ea!<\/p>\n<p>A pe\u00e7a dispon\u00edvel a pronta entrega veste tamanho M.<\/p>\n","protected":false},"excerpt":{"rendered":"<p>Da combina\u00e7\u00e3o entre a intensidade do vermelho e a delicadeza dos pontos abertos nasce o Vestido Crep\u00fasculo. Confeccionado inteiramente \u00e0 m\u00e3o, este vestido midi \u00e9 um convite para celebrar a [&hellip;]<\/p>\n","protected":false},"featured_media":492,"comment_status":"open","ping_status":"closed","template":"","meta":[],"product_brand":[],"product_cat":[25],"product_tag":[],"class_list":{"0":"post-113","1":"product","2":"type-product","3":"status-publish","4":"has-post-thumbnail","6":"product_cat-vestido","8":"first","9":"instock","10":"shipping-taxable","11":"purchasable","12":"product-type-simple"},"_links":{"self":[{"href":"https:\/\/aleartedeco.com.br\/index.php?rest_route=\/wp\/v2\/product\/113","targetHints":{"allow":["GET"]}}],"collection":[{"href":"https:\/\/aleartedeco.com.br\/index.php?rest_route=\/wp\/v2\/product"}],"about":[{"href":"https:\/\/aleartedeco.com.br\/index.php?rest_route=\/wp\/v2\/types\/product"}],"replies":[{"embeddable":true,"href":"https:\/\/aleartedeco.com.br\/index.php?rest_route=%2Fwp%2Fv2%2Fcomments&post=113"}],"wp:featuredmedia":[{"embeddable":true,"href":"https:\/\/aleartedeco.com.br\/index.php?rest_route=\/wp\/v2\/media\/492"}],"wp:attachment":[{"href":"https:\/\/aleartedeco.com.br\/index.php?rest_route=%2Fwp%2Fv2%2Fmedia&parent=113"}],"wp:term":[{"taxonomy":"product_brand","embeddable":true,"href":"https:\/\/aleartedeco.com.br\/index.php?rest_route=%2Fwp%2Fv2%2Fproduct_brand&post=113"},{"taxonomy":"product_cat","embeddable":true,"href":"https:\/\/aleartedeco.com.br\/index.php?rest_route=%2Fwp%2Fv2%2Fproduct_cat&post=113"},{"taxonomy":"product_tag","embeddable":true,"href":"https:\/\/aleartedeco.com.br\/index.php?rest_route=%2Fwp%2Fv2%2Fproduct_tag&post=113"}],"curies":[{"name":"wp","href":"https:\/\/api.w.org\/{rel}","templated":true}]}}