{"id":380,"date":"2025-02-09T19:50:30","date_gmt":"2025-02-09T22:50:30","guid":{"rendered":"https:\/\/aleartedeco.com.br\/?page_id=380"},"modified":"2025-07-23T14:43:47","modified_gmt":"2025-07-23T17:43:47","slug":"cuidados-com-sua-peca","status":"publish","type":"page","link":"https:\/\/aleartedeco.com.br\/?page_id=380","title":{"rendered":"Cuidados com sua pe\u00e7a"},"content":{"rendered":"\n<p>Voc\u00ea est\u00e1 adquirindo uma pe\u00e7a artesanal feita com muito carinho para durar por muito tempo. Para preservar sua beleza, \u00e9 importante ter um cuidado com a lavagem, secagem e armazenamento da pe\u00e7a.<\/p>\n\n\n\n<h2>Lavagem<\/h2>\n\n\n\n<p>N\u00f3s recomendamos lavar as pe\u00e7as \u00e0 m\u00e3o, usando sab\u00e3o neutro e \u00e1gua em temperatura ambiente.<\/p>\n\n\n\n<p>Se voc\u00ea optar por deixar de molho, tome cuidado com pe\u00e7as que t\u00eam linha branca combinada com outras cores., porque um tempo prolongado de molho pode fazer com que a cor mais escura manche a parte branca.<\/p>\n\n\n\n<h2>Secagem<\/h2>\n\n\n\n<p>Outra recomenda\u00e7\u00e3o \u00e9 que as pe\u00e7as sejam colocadas na horizontal para n\u00e3o esticar as fibras dos fios e deformar a sua pe\u00e7a.<\/p>\n\n\n\n<p>Se isso n\u00e3o for poss\u00edvel, amasse suavemente a pe\u00e7a para remover o excesso de \u00e1gua, evitando torcer, pois isso pode danificar o fio. Em seguida, distribua a pe\u00e7a uniformemente no varal para que o peso fique equilibrado em todos os lados.<\/p>\n\n\n\n<h2>Armazenamento<\/h2>\n\n\n\n<p>Para n\u00e3o danificar a fibra dos fios, pe\u00e7as de croch\u00ea n\u00e3o devem ser colocadas em cabides. O ideal \u00e9 que elas sejam dobradas e guardadas na horizontal.<\/p>\n\n\n\n<p><\/p>\n","protected":false},"excerpt":{"rendered":"<p>Voc\u00ea est\u00e1 adquirindo uma pe\u00e7a artesanal feita com muito carinho para durar por muito tempo. Para preservar sua beleza, \u00e9 importante ter um cuidado com a lavagem, secagem e armazenamento [&hellip;]<\/p>\n","protected":false},"author":2,"featured_media":0,"parent":0,"menu_order":0,"comment_status":"closed","ping_status":"closed","template":"","meta":{"footnotes":""},"class_list":["post-380","page","type-page","status-publish","hentry"],"_links":{"self":[{"href":"https:\/\/aleartedeco.com.br\/index.php?rest_route=\/wp\/v2\/pages\/380","targetHints":{"allow":["GET"]}}],"collection":[{"href":"https:\/\/aleartedeco.com.br\/index.php?rest_route=\/wp\/v2\/pages"}],"about":[{"href":"https:\/\/aleartedeco.com.br\/index.php?rest_route=\/wp\/v2\/types\/page"}],"author":[{"embeddable":true,"href":"https:\/\/aleartedeco.com.br\/index.php?rest_route=\/wp\/v2\/users\/2"}],"replies":[{"embeddable":true,"href":"https:\/\/aleartedeco.com.br\/index.php?rest_route=%2Fwp%2Fv2%2Fcomments&post=380"}],"version-history":[{"count":6,"href":"https:\/\/aleartedeco.com.br\/index.php?rest_route=\/wp\/v2\/pages\/380\/revisions"}],"predecessor-version":[{"id":772,"href":"https:\/\/aleartedeco.com.br\/index.php?rest_route=\/wp\/v2\/pages\/380\/revisions\/772"}],"wp:attachment":[{"href":"https:\/\/aleartedeco.com.br\/index.php?rest_route=%2Fwp%2Fv2%2Fmedia&parent=380"}],"curies":[{"name":"wp","href":"https:\/\/api.w.org\/{rel}","templated":true}]}}