{"id":377,"date":"2025-04-12T18:12:15","date_gmt":"2025-04-12T21:12:15","guid":{"rendered":"https:\/\/aleartedeco.com.br\/?page_id=377"},"modified":"2025-07-23T14:30:42","modified_gmt":"2025-07-23T17:30:42","slug":"tabela-de-medidas","status":"publish","type":"page","link":"https:\/\/aleartedeco.com.br\/?page_id=377","title":{"rendered":"Tabela de medidas"},"content":{"rendered":"\n<p>D\u00favida de qual tamanho fica melhor para voc\u00ea?<\/p>\n\n\n\n<p>Calma que estamos aqui para te ajudar! Logo abaixo tem a tabela de medidas que usamos como base na fabrica\u00e7\u00e3o das nossas pe\u00e7as. Ap\u00f3s a primeira lavagem, \u00e9 natural que as fibras se acomodem, deixando a pe\u00e7a ainda mais macia e ajustada ao uso. Para manter a beleza do produto \u00e9 importante seguir as <a href=\"https:\/\/aleartedeco.com.br\/?page_id=380\" data-type=\"page\" data-id=\"380\">recomenda\u00e7\u00f5es de cuidado<\/a>!<\/p>\n\n\n\n<svg viewBox=\"0 0 900 600\" xmlns=\"http:\/\/www.w3.org\/2000\/svg\">\n  <!-- Fundo -->\n  <rect width=\"900\" height=\"600\" fill=\"#ffffff\" \/>\n  \n  <!-- T\u00edtulo -->\n  <text x=\"400\" y=\"50\" font-family=\"Georgia, serif\" font-size=\"24\" text-anchor=\"middle\" fill=\"#000000\">Guia de Medidas &#8211; Pe\u00e7as em Croch\u00ea Artesanal<\/text>\n  <text x=\"400\" y=\"80\" font-family=\"Georgia, serif\" font-size=\"16\" text-anchor=\"middle\" fill=\"#9E6E46\" font-style=\"italic\">Cada pe\u00e7a \u00e9 \u00fanica, feita \u00e0 m\u00e3o com amor e dedica\u00e7\u00e3o<\/text>\n  \n  <!-- Tabela Feminina -->\n  <rect x=\"50\" y=\"110\" width=\"700\" height=\"250\" fill=\"#ffffff\" rx=\"8\" ry=\"8\" stroke=\"#9E6E46\" stroke-width=\"2\" \/>\n  <text x=\"400\" y=\"135\" font-family=\"Georgia, serif\" font-size=\"18\" text-anchor=\"middle\" fill=\"#000000\">Medidas Femininas (cm)<\/text>\n  \n  <!-- Cabe\u00e7alho da tabela -->\n  <rect x=\"100\" y=\"150\" width=\"100\" height=\"30\" fill=\"#486079\" stroke=\"#000000\" stroke-width=\"1\" \/>\n  <text x=\"150\" y=\"170\" font-family=\"Arial, sans-serif\" font-size=\"14\" text-anchor=\"middle\" fill=\"#ffffff\" font-weight=\"bold\">Tamanho<\/text>\n  \n  <rect x=\"200\" y=\"150\" width=\"100\" height=\"30\" fill=\"#486079\" stroke=\"#000000\" stroke-width=\"1\" \/>\n  <text x=\"250\" y=\"170\" font-family=\"Arial, sans-serif\" font-size=\"14\" text-anchor=\"middle\" fill=\"#ffffff\" font-weight=\"bold\">Busto<\/text>\n  \n  <rect x=\"300\" y=\"150\" width=\"100\" height=\"30\" fill=\"#486079\" stroke=\"#000000\" stroke-width=\"1\" \/>\n  <text x=\"350\" y=\"170\" font-family=\"Arial, sans-serif\" font-size=\"14\" text-anchor=\"middle\" fill=\"#ffffff\" font-weight=\"bold\">Cintura<\/text>\n  \n  <rect x=\"400\" y=\"150\" width=\"100\" height=\"30\" fill=\"#486079\" stroke=\"#000000\" stroke-width=\"1\" \/>\n  <text x=\"450\" y=\"170\" font-family=\"Arial, sans-serif\" font-size=\"14\" text-anchor=\"middle\" fill=\"#ffffff\" font-weight=\"bold\">Quadril<\/text>\n  \n  <rect x=\"500\" y=\"150\" width=\"150\" height=\"30\" fill=\"#486079\" stroke=\"#000000\" stroke-width=\"1\" \/>\n  <text x=\"575\" y=\"170\" font-family=\"Arial, sans-serif\" font-size=\"14\" text-anchor=\"middle\" fill=\"#ffffff\" font-weight=\"bold\">Comprimento Vestido<\/text>\n  \n  <!-- Linha PP (Adicionada) -->\n  <rect x=\"100\" y=\"180\" width=\"100\" height=\"30\" fill=\"#ffffff\" stroke=\"#000000\" stroke-width=\"1\" \/>\n  <text x=\"150\" y=\"200\" font-family=\"Arial, sans-serif\" font-size=\"14\" text-anchor=\"middle\" fill=\"#000000\">PP (36)<\/text>\n  \n  <rect x=\"200\" y=\"180\" width=\"100\" height=\"30\" fill=\"#ffffff\" stroke=\"#000000\" stroke-width=\"1\" \/>\n  <text x=\"250\" y=\"200\" font-family=\"Arial, sans-serif\" font-size=\"14\" text-anchor=\"middle\" fill=\"#000000\">80-83<\/text>\n  \n  <rect x=\"300\" y=\"180\" width=\"100\" height=\"30\" fill=\"#ffffff\" stroke=\"#000000\" stroke-width=\"1\" \/>\n  <text x=\"350\" y=\"200\" font-family=\"Arial, sans-serif\" font-size=\"14\" text-anchor=\"middle\" fill=\"#000000\">62-68<\/text>\n  \n  <rect x=\"400\" y=\"180\" width=\"100\" height=\"30\" fill=\"#ffffff\" stroke=\"#000000\" stroke-width=\"1\" \/>\n  <text x=\"450\" y=\"200\" font-family=\"Arial, sans-serif\" font-size=\"14\" text-anchor=\"middle\" fill=\"#000000\">90-96<\/text>\n  \n  <rect x=\"500\" y=\"180\" width=\"150\" height=\"30\" fill=\"#ffffff\" stroke=\"#000000\" stroke-width=\"1\" \/>\n  <text x=\"575\" y=\"200\" font-family=\"Arial, sans-serif\" font-size=\"14\" text-anchor=\"middle\" fill=\"#000000\">90-95<\/text>\n  \n  <!-- Linha P -->\n  <rect x=\"100\" y=\"210\" width=\"100\" height=\"30\" fill=\"#f6f6f6\" stroke=\"#000000\" stroke-width=\"1\" \/>\n  <text x=\"150\" y=\"230\" font-family=\"Arial, sans-serif\" font-size=\"14\" text-anchor=\"middle\" fill=\"#000000\">P (38-40)<\/text>\n  \n  <rect x=\"200\" y=\"210\" width=\"100\" height=\"30\" fill=\"#f6f6f6\" stroke=\"#000000\" stroke-width=\"1\" \/>\n  <text x=\"250\" y=\"230\" font-family=\"Arial, sans-serif\" font-size=\"14\" text-anchor=\"middle\" fill=\"#000000\">84-88<\/text>\n  \n  <rect x=\"300\" y=\"210\" width=\"100\" height=\"30\" fill=\"#f6f6f6\" stroke=\"#000000\" stroke-width=\"1\" \/>\n  <text x=\"350\" y=\"230\" font-family=\"Arial, sans-serif\" font-size=\"14\" text-anchor=\"middle\" fill=\"#000000\">69-74<\/text>\n  \n  <rect x=\"400\" y=\"210\" width=\"100\" height=\"30\" fill=\"#f6f6f6\" stroke=\"#000000\" stroke-width=\"1\" \/>\n  <text x=\"450\" y=\"230\" font-family=\"Arial, sans-serif\" font-size=\"14\" text-anchor=\"middle\" fill=\"#000000\">97-102<\/text>\n  \n  <rect x=\"500\" y=\"210\" width=\"150\" height=\"30\" fill=\"#f6f6f6\" stroke=\"#000000\" stroke-width=\"1\" \/>\n  <text x=\"575\" y=\"230\" font-family=\"Arial, sans-serif\" font-size=\"14\" text-anchor=\"middle\" fill=\"#000000\">95-100<\/text>\n  \n  <!-- Linha M -->\n  <rect x=\"100\" y=\"240\" width=\"100\" height=\"30\" fill=\"#ffffff\" stroke=\"#000000\" stroke-width=\"1\" \/>\n  <text x=\"150\" y=\"260\" font-family=\"Arial, sans-serif\" font-size=\"14\" text-anchor=\"middle\" fill=\"#000000\">M (42-44)<\/text>\n  \n  <rect x=\"200\" y=\"240\" width=\"100\" height=\"30\" fill=\"#ffffff\" stroke=\"#000000\" stroke-width=\"1\" \/>\n  <text x=\"250\" y=\"260\" font-family=\"Arial, sans-serif\" font-size=\"14\" text-anchor=\"middle\" fill=\"#000000\">90-94<\/text>\n  \n  <rect x=\"300\" y=\"240\" width=\"100\" height=\"30\" fill=\"#ffffff\" stroke=\"#000000\" stroke-width=\"1\" \/>\n  <text x=\"350\" y=\"260\" font-family=\"Arial, sans-serif\" font-size=\"14\" text-anchor=\"middle\" fill=\"#000000\">75-80<\/text>\n  \n  <rect x=\"400\" y=\"240\" width=\"100\" height=\"30\" fill=\"#ffffff\" stroke=\"#000000\" stroke-width=\"1\" \/>\n  <text x=\"450\" y=\"260\" font-family=\"Arial, sans-serif\" font-size=\"14\" text-anchor=\"middle\" fill=\"#000000\">103-108<\/text>\n  \n  <rect x=\"500\" y=\"240\" width=\"150\" height=\"30\" fill=\"#ffffff\" stroke=\"#000000\" stroke-width=\"1\" \/>\n  <text x=\"575\" y=\"260\" font-family=\"Arial, sans-serif\" font-size=\"14\" text-anchor=\"middle\" fill=\"#000000\">100-105<\/text>\n  \n  <!-- Linha G -->\n  <rect x=\"100\" y=\"270\" width=\"100\" height=\"30\" fill=\"#f6f6f6\" stroke=\"#000000\" stroke-width=\"1\" \/>\n  <text x=\"150\" y=\"290\" font-family=\"Arial, sans-serif\" font-size=\"14\" text-anchor=\"middle\" fill=\"#000000\">G (46-48)<\/text>\n  \n  <rect x=\"200\" y=\"270\" width=\"100\" height=\"30\" fill=\"#f6f6f6\" stroke=\"#000000\" stroke-width=\"1\" \/>\n  <text x=\"250\" y=\"290\" font-family=\"Arial, sans-serif\" font-size=\"14\" text-anchor=\"middle\" fill=\"#000000\">96-102<\/text>\n  \n  <rect x=\"300\" y=\"270\" width=\"100\" height=\"30\" fill=\"#f6f6f6\" stroke=\"#000000\" stroke-width=\"1\" \/>\n  <text x=\"350\" y=\"290\" font-family=\"Arial, sans-serif\" font-size=\"14\" text-anchor=\"middle\" fill=\"#000000\">81-86<\/text>\n  \n  <rect x=\"400\" y=\"270\" width=\"100\" height=\"30\" fill=\"#f6f6f6\" stroke=\"#000000\" stroke-width=\"1\" \/>\n  <text x=\"450\" y=\"290\" font-family=\"Arial, sans-serif\" font-size=\"14\" text-anchor=\"middle\" fill=\"#000000\">109-114<\/text>\n  \n  <rect x=\"500\" y=\"270\" width=\"150\" height=\"30\" fill=\"#f6f6f6\" stroke=\"#000000\" stroke-width=\"1\" \/>\n  <text x=\"575\" y=\"290\" font-family=\"Arial, sans-serif\" font-size=\"14\" text-anchor=\"middle\" fill=\"#000000\">105-110<\/text>\n  \n  <!-- Linha GG -->\n  <rect x=\"100\" y=\"300\" width=\"100\" height=\"30\" fill=\"#ffffff\" stroke=\"#000000\" stroke-width=\"1\" \/>\n  <text x=\"150\" y=\"320\" font-family=\"Arial, sans-serif\" font-size=\"14\" text-anchor=\"middle\" fill=\"#000000\">GG (50-52)<\/text>\n  \n  <rect x=\"200\" y=\"300\" width=\"100\" height=\"30\" fill=\"#ffffff\" stroke=\"#000000\" stroke-width=\"1\" \/>\n  <text x=\"250\" y=\"320\" font-family=\"Arial, sans-serif\" font-size=\"14\" text-anchor=\"middle\" fill=\"#000000\">104-110<\/text>\n  \n  <rect x=\"300\" y=\"300\" width=\"100\" height=\"30\" fill=\"#ffffff\" stroke=\"#000000\" stroke-width=\"1\" \/>\n  <text x=\"350\" y=\"320\" font-family=\"Arial, sans-serif\" font-size=\"14\" text-anchor=\"middle\" fill=\"#000000\">87-92<\/text>\n  \n  <rect x=\"400\" y=\"300\" width=\"100\" height=\"30\" fill=\"#ffffff\" stroke=\"#000000\" stroke-width=\"1\" \/>\n  <text x=\"450\" y=\"320\" font-family=\"Arial, sans-serif\" font-size=\"14\" text-anchor=\"middle\" fill=\"#000000\">115-120<\/text>\n  \n  <rect x=\"500\" y=\"300\" width=\"150\" height=\"30\" fill=\"#ffffff\" stroke=\"#000000\" stroke-width=\"1\" \/>\n  <text x=\"575\" y=\"320\" font-family=\"Arial, sans-serif\" font-size=\"14\" text-anchor=\"middle\" fill=\"#000000\">110-115<\/text>\n  \n  <!-- Tabela Sa\u00eddas de Praia e Pe\u00e7as Ajust\u00e1veis -->\n  <rect x=\"50\" y=\"380\" width=\"700\" height=\"170\" fill=\"#ffffff\" rx=\"8\" ry=\"8\" stroke=\"#9E6E46\" stroke-width=\"2\" \/>\n  <text x=\"400\" y=\"405\" font-family=\"Georgia, serif\" font-size=\"18\" text-anchor=\"middle\" fill=\"#000000\">Sa\u00eddas de Praia e Pe\u00e7as Ajust\u00e1veis (cm)<\/text>\n  \n  <!-- Cabe\u00e7alho da tabela -->\n  <rect x=\"100\" y=\"420\" width=\"100\" height=\"30\" fill=\"#486079\" stroke=\"#000000\" stroke-width=\"1\" \/>\n  <text x=\"150\" y=\"440\" font-family=\"Arial, sans-serif\" font-size=\"14\" text-anchor=\"middle\" fill=\"#ffffff\" font-weight=\"bold\">Tamanho<\/text>\n  \n  <rect x=\"200\" y=\"420\" width=\"100\" height=\"30\" fill=\"#486079\" stroke=\"#000000\" stroke-width=\"1\" \/>\n  <text x=\"250\" y=\"440\" font-family=\"Arial, sans-serif\" font-size=\"14\" text-anchor=\"middle\" fill=\"#ffffff\" font-weight=\"bold\">Busto<\/text>\n  \n  <rect x=\"300\" y=\"420\" width=\"100\" height=\"30\" fill=\"#486079\" stroke=\"#000000\" stroke-width=\"1\" \/>\n  <text x=\"350\" y=\"440\" font-family=\"Arial, sans-serif\" font-size=\"14\" text-anchor=\"middle\" fill=\"#ffffff\" font-weight=\"bold\">Comprimento<\/text>\n  \n  <rect x=\"400\" y=\"420\" width=\"250\" height=\"30\" fill=\"#486079\" stroke=\"#000000\" stroke-width=\"1\" \/>\n  <text x=\"525\" y=\"440\" font-family=\"Arial, sans-serif\" font-size=\"14\" text-anchor=\"middle\" fill=\"#ffffff\" font-weight=\"bold\">Observa\u00e7\u00f5es<\/text>\n  \n  <!-- Linha \u00danico -->\n  <rect x=\"100\" y=\"450\" width=\"100\" height=\"70\" fill=\"#ffffff\" stroke=\"#000000\" stroke-width=\"1\" \/>\n  <text x=\"150\" y=\"485\" font-family=\"Arial, sans-serif\" font-size=\"14\" text-anchor=\"middle\" fill=\"#000000\">\u00danico<\/text>\n  \n  <rect x=\"200\" y=\"450\" width=\"100\" height=\"70\" fill=\"#ffffff\" stroke=\"#000000\" stroke-width=\"1\" \/>\n  <text x=\"250\" y=\"485\" font-family=\"Arial, sans-serif\" font-size=\"14\" text-anchor=\"middle\" fill=\"#000000\">84-110<\/text>\n  \n  <rect x=\"300\" y=\"450\" width=\"100\" height=\"70\" fill=\"#ffffff\" stroke=\"#000000\" stroke-width=\"1\" \/>\n  <text x=\"350\" y=\"485\" font-family=\"Arial, sans-serif\" font-size=\"14\" text-anchor=\"middle\" fill=\"#000000\">95-115<\/text>\n  \n  <rect x=\"400\" y=\"450\" width=\"250\" height=\"70\" fill=\"#ffffff\" stroke=\"#000000\" stroke-width=\"1\" \/>\n  <text x=\"525\" y=\"470\" font-family=\"Arial, sans-serif\" font-size=\"13\" text-anchor=\"middle\" fill=\"#000000\">Pe\u00e7as com amarra\u00e7\u00e3o ajust\u00e1vel<\/text>\n  <text x=\"525\" y=\"490\" font-family=\"Arial, sans-serif\" font-size=\"13\" text-anchor=\"middle\" fill=\"#000000\">e modelagem ampla que se adaptam<\/text>\n  <text x=\"525\" y=\"510\" font-family=\"Arial, sans-serif\" font-size=\"13\" text-anchor=\"middle\" fill=\"#000000\">a diferentes tipos de corpo (36-52)<\/text>\n  \n  <!-- Nota de Medi\u00e7\u00e3o -->\n  <rect x=\"50\" y=\"560\" width=\"720\" height=\"40\" fill=\"none\" stroke=\"#9E6E46\" stroke-width=\"1\" stroke-dasharray=\"5,5\" \/>\n  <text x=\"400\" y=\"575\" font-family=\"Georgia, serif\" font-size=\"14\" text-anchor=\"middle\" fill=\"#9E6E46\" font-style=\"italic\">&#8220;Como medir: Busto &#8211; na parte mais larga | Cintura &#8211; na parte mais estreita | Quadril &#8211; na parte mais larga&#8221;<\/text>\n  <text x=\"400\" y=\"595\" font-family=\"Georgia, serif\" font-size=\"14\" text-anchor=\"middle\" fill=\"#9E6E46\" font-style=\"italic\">&#8220;Todas as medidas em cent\u00edmetros. Para d\u00favidas sobre medidas espec\u00edficas, entre em contato conosco.&#8221;<\/text>\n<\/svg>\n\n\n\n<p><\/p>\n","protected":false},"excerpt":{"rendered":"<p>D\u00favida de qual tamanho fica melhor para voc\u00ea? Calma que estamos aqui para te ajudar! Logo abaixo tem a tabela de medidas que usamos como base na fabrica\u00e7\u00e3o das nossas [&hellip;]<\/p>\n","protected":false},"author":2,"featured_media":0,"parent":0,"menu_order":0,"comment_status":"closed","ping_status":"closed","template":"","meta":{"footnotes":""},"class_list":["post-377","page","type-page","status-publish","hentry"],"_links":{"self":[{"href":"https:\/\/aleartedeco.com.br\/index.php?rest_route=\/wp\/v2\/pages\/377","targetHints":{"allow":["GET"]}}],"collection":[{"href":"https:\/\/aleartedeco.com.br\/index.php?rest_route=\/wp\/v2\/pages"}],"about":[{"href":"https:\/\/aleartedeco.com.br\/index.php?rest_route=\/wp\/v2\/types\/page"}],"author":[{"embeddable":true,"href":"https:\/\/aleartedeco.com.br\/index.php?rest_route=\/wp\/v2\/users\/2"}],"replies":[{"embeddable":true,"href":"https:\/\/aleartedeco.com.br\/index.php?rest_route=%2Fwp%2Fv2%2Fcomments&post=377"}],"version-history":[{"count":6,"href":"https:\/\/aleartedeco.com.br\/index.php?rest_route=\/wp\/v2\/pages\/377\/revisions"}],"predecessor-version":[{"id":692,"href":"https:\/\/aleartedeco.com.br\/index.php?rest_route=\/wp\/v2\/pages\/377\/revisions\/692"}],"wp:attachment":[{"href":"https:\/\/aleartedeco.com.br\/index.php?rest_route=%2Fwp%2Fv2%2Fmedia&parent=377"}],"curies":[{"name":"wp","href":"https:\/\/api.w.org\/{rel}","templated":true}]}}