{"id":308,"date":"2025-02-03T21:10:33","date_gmt":"2025-02-04T00:10:33","guid":{"rendered":"https:\/\/aleartedeco.com.br\/?page_id=308"},"modified":"2025-07-23T14:38:32","modified_gmt":"2025-07-23T17:38:32","slug":"como-criamos","status":"publish","type":"page","link":"https:\/\/aleartedeco.com.br\/?page_id=308","title":{"rendered":"Como criamos"},"content":{"rendered":"\n<p>Cada pe\u00e7a da\u00a0<strong>Ale Art &amp; Deco<\/strong>\u00a0\u00e9 cuidadosamente criada \u00e0 m\u00e3o, seguindo um processo artesanal que valoriza a qualidade dos nossos produtos. Os materiais que utilizamos s\u00e3o cuidadosamente escolhidos para que as pe\u00e7as possam fazer parte da hist\u00f3ria de nossos clientes por muito tempo.<\/p>\n\n\n\n<p>Por atendermos tanto pedidos da loja online quanto encomendas personalizadas feitas diretamente em nosso ateli\u00ea, o prazo de envio de nossos produtos pode ser um pouco maior.<\/p>\n\n\n\n<p><strong>Prazo de produ\u00e7\u00e3o:<\/strong><br>Por se tratar de um trabalho manual, o prazo padr\u00e3o de produ\u00e7\u00e3o varia entre\u00a0<strong>15 a 30 dias \u00fateis<\/strong>. Esse per\u00edodo pode ser estendido caso esteja indicado na descri\u00e7\u00e3o do produto ou para pedidos que contenham\u00a0<strong>tr\u00eas ou mais pe\u00e7as<\/strong>. <\/p>\n\n\n\n<p>Este prazo come\u00e7a a ser contabilizado a partir da confirma\u00e7\u00e3o do pagamento em nosso sistema.<\/p>\n\n\n\n<p>N\u00f3s sabemos que a espera por algo especial gera expectativa, por isso, garantimos transpar\u00eancia em todo o processo. Ent\u00e3o se houver qualquer altera\u00e7\u00e3o no prazo, entraremos em contato para mant\u00ea-lo atualizado sobre o status do seu pedido.<\/p>\n\n\n\n<p><strong>Pe\u00e7as \u00e0 pronta entrega:<\/strong><br>Para produtos dispon\u00edveis em estoque, o prazo de entrega ser\u00e1 apenas o tempo de envio dos Correios.<\/p>\n\n\n\n<p><\/p>\n\n\n\n<p><strong>Pe\u00e7as feitas \u00e0 m\u00e3o exigem tempo, dedica\u00e7\u00e3o e aten\u00e7\u00e3o aos detalhes \u2014 e \u00e9 exatamente isso que torna cada produto verdadeiramente especial.\u00a0<\/strong><\/p>\n\n\n\n<p><\/p>\n\n\n\n<p><em>\u201cAqui, o tempo n\u00e3o \u00e9 pressa.<br>Cada pe\u00e7a nasce entre sil\u00eancios, conversas e cuidado.<br>E isso muda tudo.\u201d<\/em><\/p>\n","protected":false},"excerpt":{"rendered":"<p>Cada pe\u00e7a da\u00a0Ale Art &amp; Deco\u00a0\u00e9 cuidadosamente criada \u00e0 m\u00e3o, seguindo um processo artesanal que valoriza a qualidade dos nossos produtos. Os materiais que utilizamos s\u00e3o cuidadosamente escolhidos para que [&hellip;]<\/p>\n","protected":false},"author":2,"featured_media":0,"parent":0,"menu_order":0,"comment_status":"closed","ping_status":"closed","template":"","meta":{"footnotes":""},"class_list":["post-308","page","type-page","status-publish","hentry"],"_links":{"self":[{"href":"https:\/\/aleartedeco.com.br\/index.php?rest_route=\/wp\/v2\/pages\/308","targetHints":{"allow":["GET"]}}],"collection":[{"href":"https:\/\/aleartedeco.com.br\/index.php?rest_route=\/wp\/v2\/pages"}],"about":[{"href":"https:\/\/aleartedeco.com.br\/index.php?rest_route=\/wp\/v2\/types\/page"}],"author":[{"embeddable":true,"href":"https:\/\/aleartedeco.com.br\/index.php?rest_route=\/wp\/v2\/users\/2"}],"replies":[{"embeddable":true,"href":"https:\/\/aleartedeco.com.br\/index.php?rest_route=%2Fwp%2Fv2%2Fcomments&post=308"}],"version-history":[{"count":11,"href":"https:\/\/aleartedeco.com.br\/index.php?rest_route=\/wp\/v2\/pages\/308\/revisions"}],"predecessor-version":[{"id":767,"href":"https:\/\/aleartedeco.com.br\/index.php?rest_route=\/wp\/v2\/pages\/308\/revisions\/767"}],"wp:attachment":[{"href":"https:\/\/aleartedeco.com.br\/index.php?rest_route=%2Fwp%2Fv2%2Fmedia&parent=308"}],"curies":[{"name":"wp","href":"https:\/\/api.w.org\/{rel}","templated":true}]}}