{"id":281,"date":"2025-02-02T18:39:16","date_gmt":"2025-02-02T21:39:16","guid":{"rendered":"https:\/\/aleartedeco.com.br\/?page_id=281"},"modified":"2025-07-23T14:29:56","modified_gmt":"2025-07-23T17:29:56","slug":"quem-somos","status":"publish","type":"page","link":"https:\/\/aleartedeco.com.br\/?page_id=281","title":{"rendered":"Quem somos"},"content":{"rendered":"\n<p>Na <strong>Ale Art &amp; Deco<\/strong>, cada pe\u00e7a conta uma hist\u00f3ria de dedica\u00e7\u00e3o e tradi\u00e7\u00e3o. O croch\u00ea sempre fez parte da nossa fam\u00edlia e, hoje, transformamos essa paix\u00e3o em arte para o seu lar.<\/p>\n\n\n\n<p>Todas as nossas cria\u00e7\u00f5es s\u00e3o feitas \u00e0 m\u00e3o pela nossa artes\u00e3, <strong>Alessandra<\/strong>, que dedica horas de trabalho para transformar fios em pe\u00e7as \u00fanicas e encantadoras. Aqui, cada ponto \u00e9 produzido com cuidado, tornando imposs\u00edvel reproduzir uma pe\u00e7a exatamente igual \u00e0 outra. Mesmo dentro de um mesmo modelo, cada cria\u00e7\u00e3o \u00e9 \u00fanica \u2014 pois o croch\u00ea \u00e9 mais do que uma t\u00e9cnica, \u00e9 uma forma de express\u00e3o.<\/p>\n\n\n\n<p>Nosso prop\u00f3sito \u00e9 levar aconchego e beleza para sua casa, valorizando a arte do croch\u00ea e o trabalho artesanal. Na Ale Art &amp; Deco, cada pe\u00e7a \u00e9 mais que apenas uma roupa ou um item de decora\u00e7\u00e3o \u2013 \u00e9 um peda\u00e7o da nossa hist\u00f3ria que chega at\u00e9 voc\u00ea.<\/p>\n\n\n\n<p>Seja bem-vindo \u00e0 nossa loja, onde cada fio entrela\u00e7a amor, criatividade e exclusividade!<\/p>\n","protected":false},"excerpt":{"rendered":"<p>Na Ale Art &amp; Deco, cada pe\u00e7a conta uma hist\u00f3ria de dedica\u00e7\u00e3o e tradi\u00e7\u00e3o. O croch\u00ea sempre fez parte da nossa fam\u00edlia e, hoje, transformamos essa paix\u00e3o em arte para [&hellip;]<\/p>\n","protected":false},"author":2,"featured_media":0,"parent":0,"menu_order":0,"comment_status":"closed","ping_status":"closed","template":"","meta":{"footnotes":""},"class_list":["post-281","page","type-page","status-publish","hentry"],"_links":{"self":[{"href":"https:\/\/aleartedeco.com.br\/index.php?rest_route=\/wp\/v2\/pages\/281","targetHints":{"allow":["GET"]}}],"collection":[{"href":"https:\/\/aleartedeco.com.br\/index.php?rest_route=\/wp\/v2\/pages"}],"about":[{"href":"https:\/\/aleartedeco.com.br\/index.php?rest_route=\/wp\/v2\/types\/page"}],"author":[{"embeddable":true,"href":"https:\/\/aleartedeco.com.br\/index.php?rest_route=\/wp\/v2\/users\/2"}],"replies":[{"embeddable":true,"href":"https:\/\/aleartedeco.com.br\/index.php?rest_route=%2Fwp%2Fv2%2Fcomments&post=281"}],"version-history":[{"count":3,"href":"https:\/\/aleartedeco.com.br\/index.php?rest_route=\/wp\/v2\/pages\/281\/revisions"}],"predecessor-version":[{"id":695,"href":"https:\/\/aleartedeco.com.br\/index.php?rest_route=\/wp\/v2\/pages\/281\/revisions\/695"}],"wp:attachment":[{"href":"https:\/\/aleartedeco.com.br\/index.php?rest_route=%2Fwp%2Fv2%2Fmedia&parent=281"}],"curies":[{"name":"wp","href":"https:\/\/api.w.org\/{rel}","templated":true}]}}