{"id":2,"date":"2023-05-13T19:07:12","date_gmt":"2023-05-13T22:07:12","guid":{"rendered":"http:\/\/aleartedeco.com.br\/?page_id=2"},"modified":"2026-02-14T10:12:28","modified_gmt":"2026-02-14T13:12:28","slug":"arte-em-cada-ponto","status":"publish","type":"page","link":"https:\/\/aleartedeco.com.br\/","title":{"rendered":"Arte em cada ponto"},"content":{"rendered":"\n<p><\/p>\n\n\n\n<p>Aqui na&nbsp;<strong>Ale Art &amp; Deco<\/strong>, cada pe\u00e7a \u00e9 feita unicamente pelas m\u00e3os habilidosas da nossa fundadora e artes\u00e3, Alessandra.<\/p>\n\n\n\n<p>Cada uma de nossas pe\u00e7as carrega o <em>aconchego<\/em> e a <em>beleza<\/em> do <strong>feito \u00e0 m\u00e3o<\/strong>. <\/p>\n\n\n\n<div class=\"wp-block-buttons is-horizontal is-content-justification-left is-layout-flex wp-container-core-buttons-is-layout-20be11b6 wp-block-buttons-is-layout-flex\">\n<div class=\"wp-block-button is-style-outline is-style-outline--1\"><a class=\"wp-block-button__link has-custom-font-size wp-element-button\" href=\"https:\/\/aleartedeco.com.br\/?page_id=281\" style=\"font-size:12px\">Conhe\u00e7a nossa hist\u00f3ria<\/a><\/div>\n<\/div>\n\n\n\n<p><\/p>\n\n\n\n<div class=\"wp-block-columns is-layout-flex wp-container-core-columns-is-layout-28f84493 wp-block-columns-is-layout-flex\">\n<div class=\"wp-block-column is-layout-flow wp-block-column-is-layout-flow\">\n<figure class=\"wp-block-image size-large has-custom-border is-style-rounded\"><img loading=\"lazy\" decoding=\"async\" width=\"768\" height=\"1024\" src=\"https:\/\/aleartedeco.com.br\/wp-content\/uploads\/2025\/06\/IMG_20250426_110827-min-768x1024.jpg\" alt=\"\" class=\"wp-image-734\" style=\"border-style:none;border-width:0px;border-radius:21px\" srcset=\"https:\/\/aleartedeco.com.br\/wp-content\/uploads\/2025\/06\/IMG_20250426_110827-min-768x1024.jpg 768w, https:\/\/aleartedeco.com.br\/wp-content\/uploads\/2025\/06\/IMG_20250426_110827-min-225x300.jpg 225w, https:\/\/aleartedeco.com.br\/wp-content\/uploads\/2025\/06\/IMG_20250426_110827-min-1152x1536.jpg 1152w, https:\/\/aleartedeco.com.br\/wp-content\/uploads\/2025\/06\/IMG_20250426_110827-min-1536x2048.jpg 1536w, https:\/\/aleartedeco.com.br\/wp-content\/uploads\/2025\/06\/IMG_20250426_110827-min-1140x1520.jpg 1140w, https:\/\/aleartedeco.com.br\/wp-content\/uploads\/2025\/06\/IMG_20250426_110827-min-920x1227.jpg 920w, https:\/\/aleartedeco.com.br\/wp-content\/uploads\/2025\/06\/IMG_20250426_110827-min-575x767.jpg 575w, https:\/\/aleartedeco.com.br\/wp-content\/uploads\/2025\/06\/IMG_20250426_110827-min-380x507.jpg 380w, https:\/\/aleartedeco.com.br\/wp-content\/uploads\/2025\/06\/IMG_20250426_110827-min-800x1067.jpg 800w, https:\/\/aleartedeco.com.br\/wp-content\/uploads\/2025\/06\/IMG_20250426_110827-min-scaled.jpg 1920w\" sizes=\"auto, (max-width: 768px) 100vw, 768px\" \/><figcaption class=\"wp-element-caption\"><sub>Regata tela<\/sub><\/figcaption><\/figure>\n<\/div>\n\n\n\n<div class=\"wp-block-column is-layout-flow wp-block-column-is-layout-flow\">\n<figure class=\"wp-block-image size-large has-custom-border\"><img loading=\"lazy\" decoding=\"async\" width=\"768\" height=\"1024\" src=\"https:\/\/aleartedeco.com.br\/wp-content\/uploads\/2025\/06\/IMG_20250426_113013-min-768x1024.jpg\" alt=\"\" class=\"wp-image-735\" style=\"border-radius:21px\" srcset=\"https:\/\/aleartedeco.com.br\/wp-content\/uploads\/2025\/06\/IMG_20250426_113013-min-768x1024.jpg 768w, https:\/\/aleartedeco.com.br\/wp-content\/uploads\/2025\/06\/IMG_20250426_113013-min-225x300.jpg 225w, https:\/\/aleartedeco.com.br\/wp-content\/uploads\/2025\/06\/IMG_20250426_113013-min-1152x1536.jpg 1152w, https:\/\/aleartedeco.com.br\/wp-content\/uploads\/2025\/06\/IMG_20250426_113013-min-1536x2048.jpg 1536w, https:\/\/aleartedeco.com.br\/wp-content\/uploads\/2025\/06\/IMG_20250426_113013-min-1140x1520.jpg 1140w, https:\/\/aleartedeco.com.br\/wp-content\/uploads\/2025\/06\/IMG_20250426_113013-min-920x1227.jpg 920w, https:\/\/aleartedeco.com.br\/wp-content\/uploads\/2025\/06\/IMG_20250426_113013-min-575x767.jpg 575w, https:\/\/aleartedeco.com.br\/wp-content\/uploads\/2025\/06\/IMG_20250426_113013-min-380x507.jpg 380w, https:\/\/aleartedeco.com.br\/wp-content\/uploads\/2025\/06\/IMG_20250426_113013-min-800x1067.jpg 800w, https:\/\/aleartedeco.com.br\/wp-content\/uploads\/2025\/06\/IMG_20250426_113013-min-scaled.jpg 1920w\" sizes=\"auto, (max-width: 768px) 100vw, 768px\" \/><figcaption class=\"wp-element-caption\"><sub>Clutch natural<\/sub><\/figcaption><\/figure>\n<\/div>\n\n\n\n<div class=\"wp-block-column is-layout-flow wp-block-column-is-layout-flow\">\n<figure class=\"wp-block-image size-large has-custom-border\"><img loading=\"lazy\" decoding=\"async\" width=\"768\" height=\"1024\" src=\"https:\/\/aleartedeco.com.br\/wp-content\/uploads\/2025\/06\/IMG_20250426_112624-min-768x1024.jpg\" alt=\"\" class=\"wp-image-736\" style=\"border-radius:21px\" srcset=\"https:\/\/aleartedeco.com.br\/wp-content\/uploads\/2025\/06\/IMG_20250426_112624-min-768x1024.jpg 768w, https:\/\/aleartedeco.com.br\/wp-content\/uploads\/2025\/06\/IMG_20250426_112624-min-225x300.jpg 225w, https:\/\/aleartedeco.com.br\/wp-content\/uploads\/2025\/06\/IMG_20250426_112624-min-1152x1536.jpg 1152w, https:\/\/aleartedeco.com.br\/wp-content\/uploads\/2025\/06\/IMG_20250426_112624-min-1536x2048.jpg 1536w, https:\/\/aleartedeco.com.br\/wp-content\/uploads\/2025\/06\/IMG_20250426_112624-min-1140x1520.jpg 1140w, https:\/\/aleartedeco.com.br\/wp-content\/uploads\/2025\/06\/IMG_20250426_112624-min-920x1227.jpg 920w, https:\/\/aleartedeco.com.br\/wp-content\/uploads\/2025\/06\/IMG_20250426_112624-min-575x767.jpg 575w, https:\/\/aleartedeco.com.br\/wp-content\/uploads\/2025\/06\/IMG_20250426_112624-min-380x507.jpg 380w, https:\/\/aleartedeco.com.br\/wp-content\/uploads\/2025\/06\/IMG_20250426_112624-min-800x1067.jpg 800w, https:\/\/aleartedeco.com.br\/wp-content\/uploads\/2025\/06\/IMG_20250426_112624-min-scaled.jpg 1920w\" sizes=\"auto, (max-width: 768px) 100vw, 768px\" \/><figcaption class=\"wp-element-caption\"><sub>Top Verano<\/sub><\/figcaption><\/figure>\n<\/div>\n<\/div>\n\n\n<div class=\"wp-block-image\">\n<figure class=\"aligncenter size-large has-custom-border\"><img loading=\"lazy\" decoding=\"async\" width=\"1024\" height=\"609\" src=\"https:\/\/aleartedeco.com.br\/wp-content\/uploads\/2025\/06\/image-1-1024x609.png\" alt=\"\" class=\"wp-image-751\" style=\"border-radius:21px\" srcset=\"https:\/\/aleartedeco.com.br\/wp-content\/uploads\/2025\/06\/image-1-1024x609.png 1024w, https:\/\/aleartedeco.com.br\/wp-content\/uploads\/2025\/06\/image-1-300x178.png 300w, https:\/\/aleartedeco.com.br\/wp-content\/uploads\/2025\/06\/image-1-768x457.png 768w, https:\/\/aleartedeco.com.br\/wp-content\/uploads\/2025\/06\/image-1-1536x913.png 1536w, https:\/\/aleartedeco.com.br\/wp-content\/uploads\/2025\/06\/image-1-2048x1218.png 2048w, https:\/\/aleartedeco.com.br\/wp-content\/uploads\/2025\/06\/image-1-1140x678.png 1140w, https:\/\/aleartedeco.com.br\/wp-content\/uploads\/2025\/06\/image-1-920x547.png 920w, https:\/\/aleartedeco.com.br\/wp-content\/uploads\/2025\/06\/image-1-575x342.png 575w, https:\/\/aleartedeco.com.br\/wp-content\/uploads\/2025\/06\/image-1-380x226.png 380w, https:\/\/aleartedeco.com.br\/wp-content\/uploads\/2025\/06\/image-1-800x476.png 800w\" sizes=\"auto, (max-width: 1024px) 100vw, 1024px\" \/><\/figure>\n<\/div>\n\n\n<p><\/p>\n\n\n\n<p><\/p>\n\n\n\n<p><\/p>\n\n\n\n<h2 class=\"wp-block-heading\">Nossos queridinhos<\/h2>\n\n\n\n<p>No nosso ateli\u00ea, n\u00e3o seguimos <s>tend\u00eancias passageiras.<\/s><\/p>\n\n\n\n<p>Aqui, n\u00f3s criamos pe\u00e7as atemporais, que elevam sua casa e seu estilo com sofistica\u00e7\u00e3o. <\/p>\n\n\n\n<div class=\"wp-block-columns is-layout-flex wp-container-core-columns-is-layout-28f84493 wp-block-columns-is-layout-flex\">\n<div class=\"wp-block-column is-layout-flow wp-block-column-is-layout-flow\" style=\"flex-basis:100%\">\n<div class=\"wp-block-columns is-layout-flex wp-container-core-columns-is-layout-28f84493 wp-block-columns-is-layout-flex\">\n<div class=\"wp-block-column is-layout-flow wp-block-column-is-layout-flow\">\n<div class=\"wp-block-columns is-layout-flex wp-container-core-columns-is-layout-28f84493 wp-block-columns-is-layout-flex\">\n<div class=\"wp-block-column is-layout-flow wp-block-column-is-layout-flow\">\n<figure class=\"wp-block-image size-large has-custom-border\"><a href=\"https:\/\/aleartedeco.com.br\/?page_id=676\"><img loading=\"lazy\" decoding=\"async\" width=\"768\" height=\"1024\" src=\"https:\/\/aleartedeco.com.br\/wp-content\/uploads\/2025\/06\/IMG_20250426_110420-min-768x1024.jpg\" alt=\"\" class=\"wp-image-752\" style=\"border-radius:21px\" srcset=\"https:\/\/aleartedeco.com.br\/wp-content\/uploads\/2025\/06\/IMG_20250426_110420-min-768x1024.jpg 768w, https:\/\/aleartedeco.com.br\/wp-content\/uploads\/2025\/06\/IMG_20250426_110420-min-225x300.jpg 225w, https:\/\/aleartedeco.com.br\/wp-content\/uploads\/2025\/06\/IMG_20250426_110420-min-1152x1536.jpg 1152w, https:\/\/aleartedeco.com.br\/wp-content\/uploads\/2025\/06\/IMG_20250426_110420-min-1536x2048.jpg 1536w, https:\/\/aleartedeco.com.br\/wp-content\/uploads\/2025\/06\/IMG_20250426_110420-min-1140x1520.jpg 1140w, https:\/\/aleartedeco.com.br\/wp-content\/uploads\/2025\/06\/IMG_20250426_110420-min-920x1227.jpg 920w, https:\/\/aleartedeco.com.br\/wp-content\/uploads\/2025\/06\/IMG_20250426_110420-min-575x767.jpg 575w, https:\/\/aleartedeco.com.br\/wp-content\/uploads\/2025\/06\/IMG_20250426_110420-min-380x507.jpg 380w, https:\/\/aleartedeco.com.br\/wp-content\/uploads\/2025\/06\/IMG_20250426_110420-min-800x1067.jpg 800w, https:\/\/aleartedeco.com.br\/wp-content\/uploads\/2025\/06\/IMG_20250426_110420-min-scaled.jpg 1920w\" sizes=\"auto, (max-width: 768px) 100vw, 768px\" \/><\/a><\/figure>\n<\/div>\n\n\n\n<div class=\"wp-block-column is-layout-flow wp-block-column-is-layout-flow\">\n<figure class=\"wp-block-image size-large has-custom-border\"><a href=\"https:\/\/aleartedeco.com.br\/?product=vestido-com-fio-de-sao-francisco\"><img loading=\"lazy\" decoding=\"async\" width=\"768\" height=\"1024\" src=\"https:\/\/aleartedeco.com.br\/wp-content\/uploads\/2025\/03\/IMG_20250322_104645-768x1024.jpg\" alt=\"\" class=\"wp-image-472\" style=\"border-radius:21px\" srcset=\"https:\/\/aleartedeco.com.br\/wp-content\/uploads\/2025\/03\/IMG_20250322_104645-768x1024.jpg 768w, https:\/\/aleartedeco.com.br\/wp-content\/uploads\/2025\/03\/IMG_20250322_104645-225x300.jpg 225w, https:\/\/aleartedeco.com.br\/wp-content\/uploads\/2025\/03\/IMG_20250322_104645-1152x1536.jpg 1152w, https:\/\/aleartedeco.com.br\/wp-content\/uploads\/2025\/03\/IMG_20250322_104645-1536x2048.jpg 1536w, https:\/\/aleartedeco.com.br\/wp-content\/uploads\/2025\/03\/IMG_20250322_104645-1140x1520.jpg 1140w, https:\/\/aleartedeco.com.br\/wp-content\/uploads\/2025\/03\/IMG_20250322_104645-920x1227.jpg 920w, https:\/\/aleartedeco.com.br\/wp-content\/uploads\/2025\/03\/IMG_20250322_104645-575x767.jpg 575w, https:\/\/aleartedeco.com.br\/wp-content\/uploads\/2025\/03\/IMG_20250322_104645-380x507.jpg 380w, https:\/\/aleartedeco.com.br\/wp-content\/uploads\/2025\/03\/IMG_20250322_104645-800x1067.jpg 800w, https:\/\/aleartedeco.com.br\/wp-content\/uploads\/2025\/03\/IMG_20250322_104645-scaled.jpg 1920w\" sizes=\"auto, (max-width: 768px) 100vw, 768px\" \/><\/a><\/figure>\n<\/div>\n<\/div>\n<\/div>\n\n\n\n<div class=\"wp-block-column is-layout-flow wp-block-column-is-layout-flow\">\n<div class=\"wp-block-columns is-layout-flex wp-container-core-columns-is-layout-28f84493 wp-block-columns-is-layout-flex\">\n<div class=\"wp-block-column is-layout-flow wp-block-column-is-layout-flow\">\n<figure class=\"wp-block-image size-large has-custom-border\"><a href=\"https:\/\/aleartedeco.com.br\/?product=vestido-longo-com-aplicacao-de-flores\"><img loading=\"lazy\" decoding=\"async\" width=\"768\" height=\"1024\" src=\"https:\/\/aleartedeco.com.br\/wp-content\/uploads\/2025\/03\/IMG_20250322_114315-768x1024.jpg\" alt=\"\" class=\"wp-image-440\" style=\"border-radius:21px\" srcset=\"https:\/\/aleartedeco.com.br\/wp-content\/uploads\/2025\/03\/IMG_20250322_114315-768x1024.jpg 768w, https:\/\/aleartedeco.com.br\/wp-content\/uploads\/2025\/03\/IMG_20250322_114315-225x300.jpg 225w, https:\/\/aleartedeco.com.br\/wp-content\/uploads\/2025\/03\/IMG_20250322_114315-1152x1536.jpg 1152w, https:\/\/aleartedeco.com.br\/wp-content\/uploads\/2025\/03\/IMG_20250322_114315-1536x2048.jpg 1536w, https:\/\/aleartedeco.com.br\/wp-content\/uploads\/2025\/03\/IMG_20250322_114315-1140x1520.jpg 1140w, https:\/\/aleartedeco.com.br\/wp-content\/uploads\/2025\/03\/IMG_20250322_114315-920x1227.jpg 920w, https:\/\/aleartedeco.com.br\/wp-content\/uploads\/2025\/03\/IMG_20250322_114315-575x767.jpg 575w, https:\/\/aleartedeco.com.br\/wp-content\/uploads\/2025\/03\/IMG_20250322_114315-380x507.jpg 380w, https:\/\/aleartedeco.com.br\/wp-content\/uploads\/2025\/03\/IMG_20250322_114315-800x1067.jpg 800w, https:\/\/aleartedeco.com.br\/wp-content\/uploads\/2025\/03\/IMG_20250322_114315-scaled.jpg 1920w\" sizes=\"auto, (max-width: 768px) 100vw, 768px\" \/><\/a><\/figure>\n<\/div>\n\n\n\n<div class=\"wp-block-column is-layout-flow wp-block-column-is-layout-flow\">\n<figure class=\"wp-block-image size-large has-custom-border\"><a href=\"https:\/\/aleartedeco.com.br\/?product=vestido-ondas\"><img loading=\"lazy\" decoding=\"async\" width=\"768\" height=\"1024\" src=\"https:\/\/aleartedeco.com.br\/wp-content\/uploads\/2025\/01\/IMG_20250322_103325-768x1024.jpg\" alt=\"\" class=\"wp-image-500\" style=\"border-radius:21px\" srcset=\"https:\/\/aleartedeco.com.br\/wp-content\/uploads\/2025\/01\/IMG_20250322_103325-768x1024.jpg 768w, https:\/\/aleartedeco.com.br\/wp-content\/uploads\/2025\/01\/IMG_20250322_103325-225x300.jpg 225w, https:\/\/aleartedeco.com.br\/wp-content\/uploads\/2025\/01\/IMG_20250322_103325-1152x1536.jpg 1152w, https:\/\/aleartedeco.com.br\/wp-content\/uploads\/2025\/01\/IMG_20250322_103325-1536x2048.jpg 1536w, https:\/\/aleartedeco.com.br\/wp-content\/uploads\/2025\/01\/IMG_20250322_103325-1140x1520.jpg 1140w, https:\/\/aleartedeco.com.br\/wp-content\/uploads\/2025\/01\/IMG_20250322_103325-920x1227.jpg 920w, https:\/\/aleartedeco.com.br\/wp-content\/uploads\/2025\/01\/IMG_20250322_103325-575x767.jpg 575w, https:\/\/aleartedeco.com.br\/wp-content\/uploads\/2025\/01\/IMG_20250322_103325-380x507.jpg 380w, https:\/\/aleartedeco.com.br\/wp-content\/uploads\/2025\/01\/IMG_20250322_103325-800x1067.jpg 800w, https:\/\/aleartedeco.com.br\/wp-content\/uploads\/2025\/01\/IMG_20250322_103325-scaled.jpg 1920w\" sizes=\"auto, (max-width: 768px) 100vw, 768px\" \/><\/a><\/figure>\n<\/div>\n<\/div>\n<\/div>\n<\/div>\n<\/div>\n<\/div>\n\n\n\n<p class=\"has-text-align-center has-normal-font-size\"><\/p>\n\n\n\n<p><\/p>\n\n\n\n<p><\/p>\n\n\n\n<p><\/p>\n\n\n\n<p><\/p>\n\n\n\n<p><\/p>\n\n\n\n<p class=\"has-text-align-center has-extra-large-font-size\"><strong>Compre hist\u00f3rias<\/strong><\/p>\n\n\n<div class=\"wp-block-image is-style-rounded\">\n<figure class=\"aligncenter size-large has-custom-border\"><img loading=\"lazy\" decoding=\"async\" width=\"1024\" height=\"743\" src=\"https:\/\/aleartedeco.com.br\/wp-content\/uploads\/2025\/06\/Frame-1-2-1024x743.png\" alt=\"\" class=\"wp-image-745\" style=\"border-top-left-radius:28px;border-top-right-radius:28px;border-bottom-left-radius:28px;border-bottom-right-radius:28px;aspect-ratio:3\/2;object-fit:cover\" srcset=\"https:\/\/aleartedeco.com.br\/wp-content\/uploads\/2025\/06\/Frame-1-2-1024x743.png 1024w, https:\/\/aleartedeco.com.br\/wp-content\/uploads\/2025\/06\/Frame-1-2-300x218.png 300w, https:\/\/aleartedeco.com.br\/wp-content\/uploads\/2025\/06\/Frame-1-2-768x557.png 768w, https:\/\/aleartedeco.com.br\/wp-content\/uploads\/2025\/06\/Frame-1-2-1140x827.png 1140w, https:\/\/aleartedeco.com.br\/wp-content\/uploads\/2025\/06\/Frame-1-2-920x668.png 920w, https:\/\/aleartedeco.com.br\/wp-content\/uploads\/2025\/06\/Frame-1-2-575x417.png 575w, https:\/\/aleartedeco.com.br\/wp-content\/uploads\/2025\/06\/Frame-1-2-380x276.png 380w, https:\/\/aleartedeco.com.br\/wp-content\/uploads\/2025\/06\/Frame-1-2-800x581.png 800w, https:\/\/aleartedeco.com.br\/wp-content\/uploads\/2025\/06\/Frame-1-2.png 1196w\" sizes=\"auto, (max-width: 1024px) 100vw, 1024px\" \/><\/figure>\n<\/div>\n\n\n<p><br><strong>Feito \u00e0 m\u00e3o. Com calma. Com alma.<\/strong><\/p>\n\n\n\n<div class=\"wp-block-buttons has-custom-font-size has-small-font-size is-layout-flex wp-block-buttons-is-layout-flex\">\n<div class=\"wp-block-button is-style-outline is-style-outline--2\"><a class=\"wp-block-button__link wp-element-button\" href=\"https:\/\/aleartedeco.com.br\/?page_id=17\">Ver todos os produtos<\/a><\/div>\n<\/div>\n\n\n\n<p><\/p>\n","protected":false},"excerpt":{"rendered":"<p>Aqui na&nbsp;Ale Art &amp; Deco, cada pe\u00e7a \u00e9 feita unicamente pelas m\u00e3os habilidosas da nossa fundadora e artes\u00e3, Alessandra. Cada uma de nossas pe\u00e7as carrega o aconchego e a beleza [&hellip;]<\/p>\n","protected":false},"author":2,"featured_media":0,"parent":0,"menu_order":0,"comment_status":"closed","ping_status":"open","template":"","meta":{"footnotes":""},"class_list":["post-2","page","type-page","status-publish","hentry"],"_links":{"self":[{"href":"https:\/\/aleartedeco.com.br\/index.php?rest_route=\/wp\/v2\/pages\/2","targetHints":{"allow":["GET"]}}],"collection":[{"href":"https:\/\/aleartedeco.com.br\/index.php?rest_route=\/wp\/v2\/pages"}],"about":[{"href":"https:\/\/aleartedeco.com.br\/index.php?rest_route=\/wp\/v2\/types\/page"}],"author":[{"embeddable":true,"href":"https:\/\/aleartedeco.com.br\/index.php?rest_route=\/wp\/v2\/users\/2"}],"replies":[{"embeddable":true,"href":"https:\/\/aleartedeco.com.br\/index.php?rest_route=%2Fwp%2Fv2%2Fcomments&post=2"}],"version-history":[{"count":40,"href":"https:\/\/aleartedeco.com.br\/index.php?rest_route=\/wp\/v2\/pages\/2\/revisions"}],"predecessor-version":[{"id":832,"href":"https:\/\/aleartedeco.com.br\/index.php?rest_route=\/wp\/v2\/pages\/2\/revisions\/832"}],"wp:attachment":[{"href":"https:\/\/aleartedeco.com.br\/index.php?rest_route=%2Fwp%2Fv2%2Fmedia&parent=2"}],"curies":[{"name":"wp","href":"https:\/\/api.w.org\/{rel}","templated":true}]}}